{"id":20548,"date":"2023-02-12T21:41:51","date_gmt":"2023-02-12T20:41:51","guid":{"rendered":"https:\/\/netwiseglobal.com\/customer-and-partner-portals-implementation\/"},"modified":"2025-12-21T00:06:21","modified_gmt":"2025-12-20T23:06:21","slug":"wdrozenie-portali-dla-klientow-lub-partnerow","status":"publish","type":"page","link":"https:\/\/netwiseglobal.com\/pl\/uslugi\/wdrozenie-portali-dla-klientow-lub-partnerow\/","title":{"rendered":"Wdro\u017cenie portali dla Klient\u00f3w lub Partner\u00f3w"},"content":{"rendered":"\t\t<div data-elementor-type=\"wp-page\" data-elementor-id=\"20548\" class=\"elementor elementor-20548 elementor-347\" data-elementor-post-type=\"page\">\n\t\t\t\t\t\t<section class=\"elementor-section elementor-top-section elementor-element elementor-element-44ceee7a blue-bcg elementor-section-boxed elementor-section-height-default elementor-section-height-default\" data-id=\"44ceee7a\" data-element_type=\"section\" data-settings=\"{&quot;background_background&quot;:&quot;classic&quot;,&quot;jet_parallax_layout_list&quot;:[]}\">\n\t\t\t\t\t\t<div class=\"elementor-container elementor-column-gap-default\">\n\t\t\t\t\t<div class=\"elementor-column elementor-col-100 elementor-top-column elementor-element elementor-element-4c0bab53\" data-id=\"4c0bab53\" data-element_type=\"column\">\n\t\t\t<div class=\"elementor-widget-wrap elementor-element-populated\">\n\t\t\t\t\t\t<div class=\"elementor-element elementor-element-644856b7 elementor-hidden-tablet elementor-hidden-mobile elementor-widget elementor-widget-eael-breadcrumbs\" data-id=\"644856b7\" data-element_type=\"widget\" data-widget_type=\"eael-breadcrumbs.default\">\n\t\t\t\t<div class=\"elementor-widget-container\">\n\t\t\t\t\t\t\t<div class=\"eael-breadcrumbs\">\n\t\t\t<div class=\"eael-breadcrumbs__content\"><a href=\"https:\/\/netwiseglobal.com\/pl\/\">Home<\/a> <span class=\"eael-breadcrumb-separator\">\/<\/span> <span class = \"eael-current\">Strona<\/span><\/div>\t\t<\/div>\n\t\t\t\t\t\t<\/div>\n\t\t\t\t<\/div>\n\t\t<div class=\"elementor-element elementor-element-7f436550 e-flex e-con-boxed e-con e-parent\" data-id=\"7f436550\" data-element_type=\"container\" data-settings=\"{&quot;background_background&quot;:&quot;classic&quot;,&quot;jet_parallax_layout_list&quot;:[]}\">\n\t\t\t\t\t<div class=\"e-con-inner\">\n\t\t<div class=\"elementor-element elementor-element-13f7770a e-con-full e-flex e-con e-child\" data-id=\"13f7770a\" data-element_type=\"container\" data-settings=\"{&quot;jet_parallax_layout_list&quot;:[]}\">\n\t\t\t\t<div class=\"elementor-element elementor-element-9e71500 elementor-widget elementor-widget-heading\" data-id=\"9e71500\" data-element_type=\"widget\" data-widget_type=\"heading.default\">\n\t\t\t\t<div class=\"elementor-widget-container\">\n\t\t\t\t\t<h1 class=\"elementor-heading-title elementor-size-default\">Wdro\u017cenie portali dla Klient\u00f3w lub Partner\u00f3w<\/h1>\t\t\t\t<\/div>\n\t\t\t\t<\/div>\n\t\t\t\t<div class=\"elementor-element elementor-element-771caed2 elementor-widget elementor-widget-text-editor\" data-id=\"771caed2\" data-element_type=\"widget\" data-widget_type=\"text-editor.default\">\n\t\t\t\t<div class=\"elementor-widget-container\">\n\t\t\t\t\t\t\t\t\t<p>Je\u015bli sprzedajesz przez Partner\u00f3w lub chcesz usprawni\u0107 kontakt z Klientami, portale samoobs\u0142ugowe b\u0119d\u0105 idealnym rozwi\u0105zaniem. Umo\u017cliwiaj\u0105 szybkie sk\u0142adanie zapyta\u0144, zam\u00f3wie\u0144 czy wniosk\u00f3w &#8211; zar\u00f3wno Partnerom, jak i Klientom.<\/p><p>\u00a0<\/p>\t\t\t\t\t\t\t\t<\/div>\n\t\t\t\t<\/div>\n\t\t\t\t<\/div>\n\t\t<div class=\"elementor-element elementor-element-f7783d9 e-con-full e-flex e-con e-child\" data-id=\"f7783d9\" data-element_type=\"container\" data-settings=\"{&quot;jet_parallax_layout_list&quot;:[]}\">\n\t\t\t\t<div class=\"elementor-element elementor-element-44c95b87 elementor-widget elementor-widget-image\" data-id=\"44c95b87\" data-element_type=\"widget\" data-widget_type=\"image.default\">\n\t\t\t\t<div class=\"elementor-widget-container\">\n\t\t\t\t\t\t\t\t\t\t\t\t\t\t\t<img fetchpriority=\"high\" decoding=\"async\" width=\"800\" height=\"672\" src=\"https:\/\/netwiseglobal.com\/wp-content\/uploads\/2025\/11\/Untitled-2-1-1024x860.png\" class=\"attachment-large size-large wp-image-20546\" alt=\"\" srcset=\"https:\/\/netwiseglobal.com\/wp-content\/uploads\/2025\/11\/Untitled-2-1-1024x860.png 1024w, https:\/\/netwiseglobal.com\/wp-content\/uploads\/2025\/11\/Untitled-2-1-300x252.png 300w, https:\/\/netwiseglobal.com\/wp-content\/uploads\/2025\/11\/Untitled-2-1-768x645.png 768w, https:\/\/netwiseglobal.com\/wp-content\/uploads\/2025\/11\/Untitled-2-1.png 1117w\" sizes=\"(max-width: 800px) 100vw, 800px\" \/>\t\t\t\t\t\t\t\t\t\t\t\t\t\t\t<\/div>\n\t\t\t\t<\/div>\n\t\t\t\t<\/div>\n\t\t\t\t\t<\/div>\n\t\t\t\t<\/div>\n\t\t\t\t\t<\/div>\n\t\t<\/div>\n\t\t\t\t\t<\/div>\n\t\t<\/section>\n\t\t<div class=\"elementor-element elementor-element-788b1d3d e-flex e-con-boxed e-con e-parent\" data-id=\"788b1d3d\" data-element_type=\"container\" data-settings=\"{&quot;background_background&quot;:&quot;classic&quot;,&quot;jet_parallax_layout_list&quot;:[]}\">\n\t\t\t\t\t<div class=\"e-con-inner\">\n\t\t<div class=\"elementor-element elementor-element-d5415b4 e-grid e-con-full e-con e-child\" data-id=\"d5415b4\" data-element_type=\"container\" data-settings=\"{&quot;jet_parallax_layout_list&quot;:[]}\">\n\t\t<div class=\"elementor-element elementor-element-5f8c415 e-con-full e-flex e-con e-child\" data-id=\"5f8c415\" data-element_type=\"container\" data-settings=\"{&quot;background_background&quot;:&quot;classic&quot;,&quot;jet_parallax_layout_list&quot;:[]}\">\n\t\t\t\t<div class=\"elementor-element elementor-element-5ec2a6bb elementor-widget__width-initial elementor-widget elementor-widget-heading\" data-id=\"5ec2a6bb\" data-element_type=\"widget\" data-widget_type=\"heading.default\">\n\t\t\t\t<div class=\"elementor-widget-container\">\n\t\t\t\t\t<h3 class=\"elementor-heading-title elementor-size-default\">Dlaczego warto wdra\u017ca\u0107 portale samoobs\u0142ugowe?<\/h3>\t\t\t\t<\/div>\n\t\t\t\t<\/div>\n\t\t\t\t<div class=\"elementor-element elementor-element-5a79b4ca elementor-widget elementor-widget-text-editor\" data-id=\"5a79b4ca\" data-element_type=\"widget\" data-widget_type=\"text-editor.default\">\n\t\t\t\t<div class=\"elementor-widget-container\">\n\t\t\t\t\t\t\t\t\t<p>Zintegrowane z Twoimi aplikacjami biznesowymi portale podnosz\u0105 jako\u015b\u0107 obs\u0142ugi i automatyzuj\u0105 procesy. Klienci mog\u0105 w jednym miejscu tworzy\u0107 oferty, kupowa\u0107 produkty, sk\u0142ada\u0107 reklamacje i sprawdza\u0107 status swoich spraw.<br \/><br \/><br \/>Naszym g\u0142\u00f3wnym celem jest rozszerzenie zasi\u0119gu Twoich system\u00f3w biznesowych oraz poprawa jako\u015bci us\u0142ug \u015bwiadczonych Partnerom Twojej organizacji i Klientom ko\u0144cowym. Dzi\u0119ki naszym rozwi\u0105zaniom portalowym ze wskaz\u00f3wkami i samoobs\u0142ug\u0105 mo\u017cesz spodziewa\u0107 si\u0119 wi\u0119kszego zadowolenia Klient\u00f3w, obni\u017cenia koszt\u00f3w us\u0142ug i usprawnienia proces\u00f3w biznesowych.<\/p>\t\t\t\t\t\t\t\t<\/div>\n\t\t\t\t<\/div>\n\t\t\t\t<\/div>\n\t\t<div class=\"elementor-element elementor-element-6b98f0d e-con-full e-flex e-con e-child\" data-id=\"6b98f0d\" data-element_type=\"container\" data-settings=\"{&quot;background_background&quot;:&quot;slideshow&quot;,&quot;jet_parallax_layout_list&quot;:[],&quot;background_slideshow_gallery&quot;:[{&quot;id&quot;:20547,&quot;url&quot;:&quot;https:\\\/\\\/netwiseglobal.com\\\/wp-content\\\/uploads\\\/2025\\\/11\\\/DSC_6631_hires-1-1-1.png&quot;}],&quot;background_slideshow_loop&quot;:&quot;yes&quot;,&quot;background_slideshow_slide_duration&quot;:5000,&quot;background_slideshow_slide_transition&quot;:&quot;fade&quot;,&quot;background_slideshow_transition_duration&quot;:500}\">\n\t\t<div class=\"elementor-element elementor-element-57d5349 e-con-full e-flex e-con e-child\" data-id=\"57d5349\" data-element_type=\"container\" data-settings=\"{&quot;jet_parallax_layout_list&quot;:[]}\">\n\t\t\t\t<\/div>\n\t\t\t\t<\/div>\n\t\t\t\t<\/div>\n\t\t\t\t\t<\/div>\n\t\t\t\t<\/div>\n\t\t<div class=\"elementor-element elementor-element-550e72f4 e-flex e-con-boxed e-con e-parent\" data-id=\"550e72f4\" data-element_type=\"container\" data-settings=\"{&quot;background_background&quot;:&quot;classic&quot;,&quot;jet_parallax_layout_list&quot;:[]}\">\n\t\t\t\t\t<div class=\"e-con-inner\">\n\t\t<div class=\"elementor-element elementor-element-120bba03 e-con-full e-flex e-con e-child\" data-id=\"120bba03\" data-element_type=\"container\" data-settings=\"{&quot;background_background&quot;:&quot;classic&quot;,&quot;jet_parallax_layout_list&quot;:[]}\">\n\t\t\t\t<div class=\"elementor-element elementor-element-c620360 elementor-widget elementor-widget-heading\" data-id=\"c620360\" data-element_type=\"widget\" data-widget_type=\"heading.default\">\n\t\t\t\t<div class=\"elementor-widget-container\">\n\t\t\t\t\t<h3 class=\"elementor-heading-title elementor-size-default\">My\u015blisz o portalu dla Partner\u00f3w lub Klient\u00f3w? Pomo\u017cemy:<\/h3>\t\t\t\t<\/div>\n\t\t\t\t<\/div>\n\t\t\t\t<div class=\"elementor-element elementor-element-8398849 elementor-align-start elementor-icon-list--layout-traditional elementor-list-item-link-full_width elementor-widget elementor-widget-icon-list\" data-id=\"8398849\" data-element_type=\"widget\" data-widget_type=\"icon-list.default\">\n\t\t\t\t<div class=\"elementor-widget-container\">\n\t\t\t\t\t\t\t<ul class=\"elementor-icon-list-items\">\n\t\t\t\t\t\t\t<li class=\"elementor-icon-list-item\">\n\t\t\t\t\t\t\t\t\t\t\t<span class=\"elementor-icon-list-icon\">\n\t\t\t\t\t\t\t<i aria-hidden=\"true\" class=\"fas fa-check\"><\/i>\t\t\t\t\t\t<\/span>\n\t\t\t\t\t\t\t\t\t\t<span class=\"elementor-icon-list-text\">Okre\u015bli\u0107 cele i plany dotycz\u0105ce portali samoobs\u0142ugowych i e-commerce<br><\/span>\n\t\t\t\t\t\t\t\t\t<\/li>\n\t\t\t\t\t\t\t\t<li class=\"elementor-icon-list-item\">\n\t\t\t\t\t\t\t\t\t\t\t<span class=\"elementor-icon-list-icon\">\n\t\t\t\t\t\t\t<i aria-hidden=\"true\" class=\"fas fa-check\"><\/i>\t\t\t\t\t\t<\/span>\n\t\t\t\t\t\t\t\t\t\t<span class=\"elementor-icon-list-text\">Zaprojektowa\u0107 rozwi\u0105zanie portalowe, kt\u00f3re odzwierciedl\u0105 Twoje cele biznesowe i perspektyw\u0119 Klienta<br><\/span>\n\t\t\t\t\t\t\t\t\t<\/li>\n\t\t\t\t\t\t\t\t<li class=\"elementor-icon-list-item\">\n\t\t\t\t\t\t\t\t\t\t\t<span class=\"elementor-icon-list-icon\">\n\t\t\t\t\t\t\t<i aria-hidden=\"true\" class=\"fas fa-check\"><\/i>\t\t\t\t\t\t<\/span>\n\t\t\t\t\t\t\t\t\t\t<span class=\"elementor-icon-list-text\">Wyj\u015b\u0107 poza podstawowe udost\u0119pnianie informacji i zapewni\u0107 swoim Partnerom prawdziw\u0105 warto\u015b\u0107 danych<br><\/span>\n\t\t\t\t\t\t\t\t\t<\/li>\n\t\t\t\t\t\t\t\t<li class=\"elementor-icon-list-item\">\n\t\t\t\t\t\t\t\t\t\t\t<span class=\"elementor-icon-list-icon\">\n\t\t\t\t\t\t\t<i aria-hidden=\"true\" class=\"fas fa-check\"><\/i>\t\t\t\t\t\t<\/span>\n\t\t\t\t\t\t\t\t\t\t<span class=\"elementor-icon-list-text\">Zintegrowa\u0107 swoje nowe portale e-commerce z obecnymi systemami, w tym CRM, ERP czy analityk\u0105<br><\/span>\n\t\t\t\t\t\t\t\t\t<\/li>\n\t\t\t\t\t\t\t\t<li class=\"elementor-icon-list-item\">\n\t\t\t\t\t\t\t\t\t\t\t<span class=\"elementor-icon-list-icon\">\n\t\t\t\t\t\t\t<i aria-hidden=\"true\" class=\"fas fa-check\"><\/i>\t\t\t\t\t\t<\/span>\n\t\t\t\t\t\t\t\t\t\t<span class=\"elementor-icon-list-text\">Zapewni\u0107 swoim partnerom efektywne kana\u0142y komunikacji i mo\u017cliwo\u015bci zakup\u00f3w online<br><\/span>\n\t\t\t\t\t\t\t\t\t<\/li>\n\t\t\t\t\t\t<\/ul>\n\t\t\t\t\t\t<\/div>\n\t\t\t\t<\/div>\n\t\t\t\t<\/div>\n\t\t\t\t\t<\/div>\n\t\t\t\t<\/div>\n\t\t<div class=\"elementor-element elementor-element-a46e0b2 blue-bcg e-flex e-con-boxed e-con e-parent\" data-id=\"a46e0b2\" data-element_type=\"container\" data-settings=\"{&quot;jet_parallax_layout_list&quot;:[],&quot;background_background&quot;:&quot;classic&quot;}\">\n\t\t\t\t\t<div class=\"e-con-inner\">\n\t\t<div class=\"elementor-element elementor-element-71694a1 e-flex e-con-boxed e-con e-child\" data-id=\"71694a1\" data-element_type=\"container\" data-settings=\"{&quot;background_background&quot;:&quot;classic&quot;,&quot;jet_parallax_layout_list&quot;:[]}\">\n\t\t\t\t\t<div class=\"e-con-inner\">\n\t\t\t\t<div class=\"elementor-element elementor-element-e928c27 elementor-widget elementor-widget-heading\" data-id=\"e928c27\" data-element_type=\"widget\" data-widget_type=\"heading.default\">\n\t\t\t\t<div class=\"elementor-widget-container\">\n\t\t\t\t\t<h2 class=\"elementor-heading-title elementor-size-default\">Chcesz zwi\u0119kszy\u0107 zaanga\u017cowanie klient\u00f3w i partner\u00f3w?<\/h2>\t\t\t\t<\/div>\n\t\t\t\t<\/div>\n\t\t\t\t<div class=\"elementor-element elementor-element-ec215ae elementor-align-center elementor-tablet-align-center elementor-mobile-align-center elementor-widget elementor-widget-button\" data-id=\"ec215ae\" data-element_type=\"widget\" data-widget_type=\"button.default\">\n\t\t\t\t<div class=\"elementor-widget-container\">\n\t\t\t\t\t\t\t\t\t<div class=\"elementor-button-wrapper\">\n\t\t\t\t\t<a class=\"elementor-button elementor-button-link elementor-size-lg elementor-animation-grow\" href=\"https:\/\/netwiseglobal.com\/pl\/kontakt\/\">\n\t\t\t\t\t\t<span class=\"elementor-button-content-wrapper\">\n\t\t\t\t\t\t\t\t\t<span class=\"elementor-button-text\">Skontaktuj si\u0119<\/span>\n\t\t\t\t\t<\/span>\n\t\t\t\t\t<\/a>\n\t\t\t\t<\/div>\n\t\t\t\t\t\t\t\t<\/div>\n\t\t\t\t<\/div>\n\t\t\t\t\t<\/div>\n\t\t\t\t<\/div>\n\t\t\t\t\t<\/div>\n\t\t\t\t<\/div>\n\t\t\t\t<\/div>\n\t\t","protected":false},"excerpt":{"rendered":"<p>Home \/ Page Wdro\u017cenie portali dla Klient\u00f3w lub Partner\u00f3w Je\u015bli sprzedajesz przez Partner\u00f3w lub chcesz usprawni\u0107 kontakt z Klientami, portale samoobs\u0142ugowe b\u0119d\u0105 idealnym rozwi\u0105zaniem. Umo\u017cliwiaj\u0105 szybkie sk\u0142adanie zapyta\u0144, zam\u00f3wie\u0144 czy wniosk\u00f3w &#8211; zar\u00f3wno Partnerom, jak i Klientom. \u00a0 Dlaczego warto wdra\u017ca\u0107 portale samoobs\u0142ugowe? Zintegrowane z Twoimi aplikacjami biznesowymi portale podnosz\u0105 jako\u015b\u0107 obs\u0142ugi i automatyzuj\u0105 procesy. [&hellip;]<\/p>\n","protected":false},"author":1,"featured_media":22832,"parent":21966,"menu_order":0,"comment_status":"closed","ping_status":"closed","template":"","meta":{"footnotes":""},"project-category":[],"class_list":["post-20548","page","type-page","status-publish","has-post-thumbnail","hentry"],"yoast_head":"<!-- This site is optimized with the Yoast SEO plugin v26.6 - https:\/\/yoast.com\/wordpress\/plugins\/seo\/ -->\n<title>Wdro\u017cenie samoobs\u0142ugowych portali dla Klient\u00f3w lub Partner\u00f3w<\/title>\n<meta name=\"description\" content=\"Wdro\u017cenie portalu dla klient\u00f3w lub partner\u00f3w Twojej firmy znacz\u0105co usprawnia obs\u0142ug\u0119 oraz zarz\u0105dzanie sieci\u0105 partnersk\u0105.\" \/>\n<meta name=\"robots\" content=\"index, follow, max-snippet:-1, max-image-preview:large, max-video-preview:-1\" \/>\n<link rel=\"canonical\" href=\"https:\/\/netwiseglobal.com\/pl\/uslugi\/wdrozenie-portali-dla-klientow-lub-partnerow\/\" \/>\n<meta property=\"og:locale\" content=\"pl_PL\" \/>\n<meta property=\"og:type\" content=\"article\" \/>\n<meta property=\"og:title\" content=\"Wdro\u017cenie samoobs\u0142ugowych portali dla Klient\u00f3w lub Partner\u00f3w\" \/>\n<meta property=\"og:description\" content=\"Wdro\u017cenie portalu dla klient\u00f3w lub partner\u00f3w Twojej firmy znacz\u0105co usprawnia obs\u0142ug\u0119 oraz zarz\u0105dzanie sieci\u0105 partnersk\u0105.\" \/>\n<meta property=\"og:url\" content=\"https:\/\/netwiseglobal.com\/pl\/uslugi\/wdrozenie-portali-dla-klientow-lub-partnerow\/\" \/>\n<meta property=\"og:site_name\" content=\"Netwise - 7-time Dynamics 365 Partner of the Year\" \/>\n<meta property=\"article:modified_time\" content=\"2025-12-20T23:06:21+00:00\" \/>\n<meta property=\"og:image\" content=\"https:\/\/netwiseglobal.com\/wp-content\/uploads\/2025\/12\/Customer-and-Partner-portals-implementation.jpg\" \/>\n\t<meta property=\"og:image:width\" content=\"1200\" \/>\n\t<meta property=\"og:image:height\" content=\"628\" \/>\n\t<meta property=\"og:image:type\" content=\"image\/jpeg\" \/>\n<meta name=\"twitter:card\" content=\"summary_large_image\" \/>\n<meta name=\"twitter:label1\" content=\"Szacowany czas czytania\" \/>\n\t<meta name=\"twitter:data1\" content=\"2 minuty\" \/>\n<script type=\"application\/ld+json\" class=\"yoast-schema-graph\">{\"@context\":\"https:\/\/schema.org\",\"@graph\":[{\"@type\":\"WebPage\",\"@id\":\"https:\/\/netwiseglobal.com\/pl\/uslugi\/wdrozenie-portali-dla-klientow-lub-partnerow\/\",\"url\":\"https:\/\/netwiseglobal.com\/pl\/uslugi\/wdrozenie-portali-dla-klientow-lub-partnerow\/\",\"name\":\"Wdro\u017cenie samoobs\u0142ugowych portali dla Klient\u00f3w lub Partner\u00f3w\",\"isPartOf\":{\"@id\":\"https:\/\/netwiseglobal.com\/pl\/#website\"},\"primaryImageOfPage\":{\"@id\":\"https:\/\/netwiseglobal.com\/pl\/uslugi\/wdrozenie-portali-dla-klientow-lub-partnerow\/#primaryimage\"},\"image\":{\"@id\":\"https:\/\/netwiseglobal.com\/pl\/uslugi\/wdrozenie-portali-dla-klientow-lub-partnerow\/#primaryimage\"},\"thumbnailUrl\":\"https:\/\/netwiseglobal.com\/wp-content\/uploads\/2025\/12\/Customer-and-Partner-portals-implementation.jpg\",\"datePublished\":\"2023-02-12T20:41:51+00:00\",\"dateModified\":\"2025-12-20T23:06:21+00:00\",\"description\":\"Wdro\u017cenie portalu dla klient\u00f3w lub partner\u00f3w Twojej firmy znacz\u0105co usprawnia obs\u0142ug\u0119 oraz zarz\u0105dzanie sieci\u0105 partnersk\u0105.\",\"breadcrumb\":{\"@id\":\"https:\/\/netwiseglobal.com\/pl\/uslugi\/wdrozenie-portali-dla-klientow-lub-partnerow\/#breadcrumb\"},\"inLanguage\":\"pl-PL\",\"potentialAction\":[{\"@type\":\"ReadAction\",\"target\":[\"https:\/\/netwiseglobal.com\/pl\/uslugi\/wdrozenie-portali-dla-klientow-lub-partnerow\/\"]}]},{\"@type\":\"ImageObject\",\"inLanguage\":\"pl-PL\",\"@id\":\"https:\/\/netwiseglobal.com\/pl\/uslugi\/wdrozenie-portali-dla-klientow-lub-partnerow\/#primaryimage\",\"url\":\"https:\/\/netwiseglobal.com\/wp-content\/uploads\/2025\/12\/Customer-and-Partner-portals-implementation.jpg\",\"contentUrl\":\"https:\/\/netwiseglobal.com\/wp-content\/uploads\/2025\/12\/Customer-and-Partner-portals-implementation.jpg\",\"width\":1200,\"height\":628},{\"@type\":\"BreadcrumbList\",\"@id\":\"https:\/\/netwiseglobal.com\/pl\/uslugi\/wdrozenie-portali-dla-klientow-lub-partnerow\/#breadcrumb\",\"itemListElement\":[{\"@type\":\"ListItem\",\"position\":1,\"name\":\"Home\",\"item\":\"https:\/\/netwiseglobal.com\/pl\/\"},{\"@type\":\"ListItem\",\"position\":2,\"name\":\"Us\u0142ugi\",\"item\":\"https:\/\/netwiseglobal.com\/pl\/uslugi\/\"},{\"@type\":\"ListItem\",\"position\":3,\"name\":\"Wdro\u017cenie portali dla Klient\u00f3w lub Partner\u00f3w\"}]},{\"@type\":\"WebSite\",\"@id\":\"https:\/\/netwiseglobal.com\/pl\/#website\",\"url\":\"https:\/\/netwiseglobal.com\/pl\/\",\"name\":\"Netwise - 7-time Dynamics 365 Partner of the Year\",\"description\":\"We are Netwise. We have been on the CRM market since 2008 and we are the most-awarded Microsoft Dynamics 365 integrator in Europe\",\"publisher\":{\"@id\":\"https:\/\/netwiseglobal.com\/pl\/#organization\"},\"potentialAction\":[{\"@type\":\"SearchAction\",\"target\":{\"@type\":\"EntryPoint\",\"urlTemplate\":\"https:\/\/netwiseglobal.com\/pl\/?s={search_term_string}\"},\"query-input\":{\"@type\":\"PropertyValueSpecification\",\"valueRequired\":true,\"valueName\":\"search_term_string\"}}],\"inLanguage\":\"pl-PL\"},{\"@type\":\"Organization\",\"@id\":\"https:\/\/netwiseglobal.com\/pl\/#organization\",\"name\":\"Netwise - 7-time Dynamics 365 Partner of the Year\",\"url\":\"https:\/\/netwiseglobal.com\/pl\/\",\"logo\":{\"@type\":\"ImageObject\",\"inLanguage\":\"pl-PL\",\"@id\":\"https:\/\/netwiseglobal.com\/pl\/#\/schema\/logo\/image\/\",\"url\":\"https:\/\/netwiseglobal.com\/wp-content\/uploads\/2025\/11\/logo_netwise_blue.png\",\"contentUrl\":\"https:\/\/netwiseglobal.com\/wp-content\/uploads\/2025\/11\/logo_netwise_blue.png\",\"width\":1120,\"height\":208,\"caption\":\"Netwise - 7-time Dynamics 365 Partner of the Year\"},\"image\":{\"@id\":\"https:\/\/netwiseglobal.com\/pl\/#\/schema\/logo\/image\/\"}}]}<\/script>\n<!-- \/ Yoast SEO plugin. -->","yoast_head_json":{"title":"Wdro\u017cenie samoobs\u0142ugowych portali dla Klient\u00f3w lub Partner\u00f3w","description":"Wdro\u017cenie portalu dla klient\u00f3w lub partner\u00f3w Twojej firmy znacz\u0105co usprawnia obs\u0142ug\u0119 oraz zarz\u0105dzanie sieci\u0105 partnersk\u0105.","robots":{"index":"index","follow":"follow","max-snippet":"max-snippet:-1","max-image-preview":"max-image-preview:large","max-video-preview":"max-video-preview:-1"},"canonical":"https:\/\/netwiseglobal.com\/pl\/uslugi\/wdrozenie-portali-dla-klientow-lub-partnerow\/","og_locale":"pl_PL","og_type":"article","og_title":"Wdro\u017cenie samoobs\u0142ugowych portali dla Klient\u00f3w lub Partner\u00f3w","og_description":"Wdro\u017cenie portalu dla klient\u00f3w lub partner\u00f3w Twojej firmy znacz\u0105co usprawnia obs\u0142ug\u0119 oraz zarz\u0105dzanie sieci\u0105 partnersk\u0105.","og_url":"https:\/\/netwiseglobal.com\/pl\/uslugi\/wdrozenie-portali-dla-klientow-lub-partnerow\/","og_site_name":"Netwise - 7-time Dynamics 365 Partner of the Year","article_modified_time":"2025-12-20T23:06:21+00:00","og_image":[{"width":1200,"height":628,"url":"https:\/\/netwiseglobal.com\/wp-content\/uploads\/2025\/12\/Customer-and-Partner-portals-implementation.jpg","type":"image\/jpeg"}],"twitter_card":"summary_large_image","twitter_misc":{"Szacowany czas czytania":"2 minuty"},"schema":{"@context":"https:\/\/schema.org","@graph":[{"@type":"WebPage","@id":"https:\/\/netwiseglobal.com\/pl\/uslugi\/wdrozenie-portali-dla-klientow-lub-partnerow\/","url":"https:\/\/netwiseglobal.com\/pl\/uslugi\/wdrozenie-portali-dla-klientow-lub-partnerow\/","name":"Wdro\u017cenie samoobs\u0142ugowych portali dla Klient\u00f3w lub Partner\u00f3w","isPartOf":{"@id":"https:\/\/netwiseglobal.com\/pl\/#website"},"primaryImageOfPage":{"@id":"https:\/\/netwiseglobal.com\/pl\/uslugi\/wdrozenie-portali-dla-klientow-lub-partnerow\/#primaryimage"},"image":{"@id":"https:\/\/netwiseglobal.com\/pl\/uslugi\/wdrozenie-portali-dla-klientow-lub-partnerow\/#primaryimage"},"thumbnailUrl":"https:\/\/netwiseglobal.com\/wp-content\/uploads\/2025\/12\/Customer-and-Partner-portals-implementation.jpg","datePublished":"2023-02-12T20:41:51+00:00","dateModified":"2025-12-20T23:06:21+00:00","description":"Wdro\u017cenie portalu dla klient\u00f3w lub partner\u00f3w Twojej firmy znacz\u0105co usprawnia obs\u0142ug\u0119 oraz zarz\u0105dzanie sieci\u0105 partnersk\u0105.","breadcrumb":{"@id":"https:\/\/netwiseglobal.com\/pl\/uslugi\/wdrozenie-portali-dla-klientow-lub-partnerow\/#breadcrumb"},"inLanguage":"pl-PL","potentialAction":[{"@type":"ReadAction","target":["https:\/\/netwiseglobal.com\/pl\/uslugi\/wdrozenie-portali-dla-klientow-lub-partnerow\/"]}]},{"@type":"ImageObject","inLanguage":"pl-PL","@id":"https:\/\/netwiseglobal.com\/pl\/uslugi\/wdrozenie-portali-dla-klientow-lub-partnerow\/#primaryimage","url":"https:\/\/netwiseglobal.com\/wp-content\/uploads\/2025\/12\/Customer-and-Partner-portals-implementation.jpg","contentUrl":"https:\/\/netwiseglobal.com\/wp-content\/uploads\/2025\/12\/Customer-and-Partner-portals-implementation.jpg","width":1200,"height":628},{"@type":"BreadcrumbList","@id":"https:\/\/netwiseglobal.com\/pl\/uslugi\/wdrozenie-portali-dla-klientow-lub-partnerow\/#breadcrumb","itemListElement":[{"@type":"ListItem","position":1,"name":"Home","item":"https:\/\/netwiseglobal.com\/pl\/"},{"@type":"ListItem","position":2,"name":"Us\u0142ugi","item":"https:\/\/netwiseglobal.com\/pl\/uslugi\/"},{"@type":"ListItem","position":3,"name":"Wdro\u017cenie portali dla Klient\u00f3w lub Partner\u00f3w"}]},{"@type":"WebSite","@id":"https:\/\/netwiseglobal.com\/pl\/#website","url":"https:\/\/netwiseglobal.com\/pl\/","name":"Netwise - 7-time Dynamics 365 Partner of the Year","description":"We are Netwise. We have been on the CRM market since 2008 and we are the most-awarded Microsoft Dynamics 365 integrator in Europe","publisher":{"@id":"https:\/\/netwiseglobal.com\/pl\/#organization"},"potentialAction":[{"@type":"SearchAction","target":{"@type":"EntryPoint","urlTemplate":"https:\/\/netwiseglobal.com\/pl\/?s={search_term_string}"},"query-input":{"@type":"PropertyValueSpecification","valueRequired":true,"valueName":"search_term_string"}}],"inLanguage":"pl-PL"},{"@type":"Organization","@id":"https:\/\/netwiseglobal.com\/pl\/#organization","name":"Netwise - 7-time Dynamics 365 Partner of the Year","url":"https:\/\/netwiseglobal.com\/pl\/","logo":{"@type":"ImageObject","inLanguage":"pl-PL","@id":"https:\/\/netwiseglobal.com\/pl\/#\/schema\/logo\/image\/","url":"https:\/\/netwiseglobal.com\/wp-content\/uploads\/2025\/11\/logo_netwise_blue.png","contentUrl":"https:\/\/netwiseglobal.com\/wp-content\/uploads\/2025\/11\/logo_netwise_blue.png","width":1120,"height":208,"caption":"Netwise - 7-time Dynamics 365 Partner of the Year"},"image":{"@id":"https:\/\/netwiseglobal.com\/pl\/#\/schema\/logo\/image\/"}}]}},"_links":{"self":[{"href":"https:\/\/netwiseglobal.com\/pl\/wp-json\/wp\/v2\/pages\/20548","targetHints":{"allow":["GET"]}}],"collection":[{"href":"https:\/\/netwiseglobal.com\/pl\/wp-json\/wp\/v2\/pages"}],"about":[{"href":"https:\/\/netwiseglobal.com\/pl\/wp-json\/wp\/v2\/types\/page"}],"author":[{"embeddable":true,"href":"https:\/\/netwiseglobal.com\/pl\/wp-json\/wp\/v2\/users\/1"}],"replies":[{"embeddable":true,"href":"https:\/\/netwiseglobal.com\/pl\/wp-json\/wp\/v2\/comments?post=20548"}],"version-history":[{"count":0,"href":"https:\/\/netwiseglobal.com\/pl\/wp-json\/wp\/v2\/pages\/20548\/revisions"}],"up":[{"embeddable":true,"href":"https:\/\/netwiseglobal.com\/pl\/wp-json\/wp\/v2\/pages\/21966"}],"wp:featuredmedia":[{"embeddable":true,"href":"https:\/\/netwiseglobal.com\/pl\/wp-json\/wp\/v2\/media\/22832"}],"wp:attachment":[{"href":"https:\/\/netwiseglobal.com\/pl\/wp-json\/wp\/v2\/media?parent=20548"}],"wp:term":[{"taxonomy":"project-category","embeddable":true,"href":"https:\/\/netwiseglobal.com\/pl\/wp-json\/wp\/v2\/project-category?post=20548"}],"curies":[{"name":"wp","href":"https:\/\/api.w.org\/{rel}","templated":true}]}}