{"id":21462,"date":"2023-02-26T22:28:57","date_gmt":"2023-02-26T21:28:57","guid":{"rendered":"https:\/\/netwiseglobal.com\/location-attractiveness-finder\/"},"modified":"2025-12-12T15:58:06","modified_gmt":"2025-12-12T14:58:06","slug":"atrakcyjnosc-handlowa-lokalizacji","status":"publish","type":"page","link":"https:\/\/netwiseglobal.com\/pl\/nasze-produkty\/atrakcyjnosc-handlowa-lokalizacji\/","title":{"rendered":"Atrakcyjno\u015b\u0107 Handlowa Lokalizacji"},"content":{"rendered":"\t\t<div data-elementor-type=\"wp-page\" data-elementor-id=\"21462\" class=\"elementor elementor-21462 elementor-768\" data-elementor-post-type=\"page\">\n\t\t\t\t\t\t<section class=\"elementor-section elementor-top-section elementor-element elementor-element-24174cac blue-bcg elementor-section-boxed elementor-section-height-default elementor-section-height-default\" data-id=\"24174cac\" data-element_type=\"section\" data-settings=\"{&quot;background_background&quot;:&quot;classic&quot;,&quot;jet_parallax_layout_list&quot;:[]}\">\n\t\t\t\t\t\t<div class=\"elementor-container elementor-column-gap-default\">\n\t\t\t\t\t<div class=\"elementor-column elementor-col-100 elementor-top-column elementor-element elementor-element-199816ea\" data-id=\"199816ea\" data-element_type=\"column\">\n\t\t\t<div class=\"elementor-widget-wrap elementor-element-populated\">\n\t\t\t\t\t\t<div class=\"elementor-element elementor-element-1d3cbff8 elementor-hidden-tablet elementor-hidden-mobile elementor-widget elementor-widget-eael-breadcrumbs\" data-id=\"1d3cbff8\" data-element_type=\"widget\" data-widget_type=\"eael-breadcrumbs.default\">\n\t\t\t\t<div class=\"elementor-widget-container\">\n\t\t\t\t\t\t\t<div class=\"eael-breadcrumbs\">\n\t\t\t<div class=\"eael-breadcrumbs__content\"><a href=\"https:\/\/netwiseglobal.com\/pl\/\">Home<\/a> <span class=\"eael-breadcrumb-separator\">\/<\/span> <span class = \"eael-current\">Strona<\/span><\/div>\t\t<\/div>\n\t\t\t\t\t\t<\/div>\n\t\t\t\t<\/div>\n\t\t<div class=\"elementor-element elementor-element-581be841 e-flex e-con-boxed e-con e-parent\" data-id=\"581be841\" data-element_type=\"container\" data-settings=\"{&quot;background_background&quot;:&quot;classic&quot;,&quot;jet_parallax_layout_list&quot;:[]}\">\n\t\t\t\t\t<div class=\"e-con-inner\">\n\t\t<div class=\"elementor-element elementor-element-7c4cecb0 e-con-full e-flex e-con e-child\" data-id=\"7c4cecb0\" data-element_type=\"container\" data-settings=\"{&quot;jet_parallax_layout_list&quot;:[]}\">\n\t\t\t\t<div class=\"elementor-element elementor-element-66c0d7dc elementor-widget elementor-widget-heading\" data-id=\"66c0d7dc\" data-element_type=\"widget\" data-widget_type=\"heading.default\">\n\t\t\t\t<div class=\"elementor-widget-container\">\n\t\t\t\t\t<h1 class=\"elementor-heading-title elementor-size-default\">Atrakcyjno\u015b\u0107 Handlowa Lokalizacji\n<\/h1>\t\t\t\t<\/div>\n\t\t\t\t<\/div>\n\t\t\t\t<div class=\"elementor-element elementor-element-44304e62 elementor-widget elementor-widget-text-editor\" data-id=\"44304e62\" data-element_type=\"widget\" data-widget_type=\"text-editor.default\">\n\t\t\t\t<div class=\"elementor-widget-container\">\n\t\t\t\t\t\t\t\t\tOszacuj potencja\u0142 przysz\u0142ych punkt\u00f3w sprzeda\u017cy\n\t\t\t\t\t\t\t\t<\/div>\n\t\t\t\t<\/div>\n\t\t\t\t<div class=\"elementor-element elementor-element-2c9e85e elementor-align-start elementor-icon-list--layout-traditional elementor-list-item-link-full_width elementor-widget elementor-widget-icon-list\" data-id=\"2c9e85e\" data-element_type=\"widget\" data-widget_type=\"icon-list.default\">\n\t\t\t\t<div class=\"elementor-widget-container\">\n\t\t\t\t\t\t\t<ul class=\"elementor-icon-list-items\">\n\t\t\t\t\t\t\t<li class=\"elementor-icon-list-item\">\n\t\t\t\t\t\t\t\t\t\t\t<span class=\"elementor-icon-list-icon\">\n\t\t\t\t\t\t\t<i aria-hidden=\"true\" class=\"fas fa-check\"><\/i>\t\t\t\t\t\t<\/span>\n\t\t\t\t\t\t\t\t\t\t<span class=\"elementor-icon-list-text\">Zidentyfikuj obszary o wysokim potencjale<\/span>\n\t\t\t\t\t\t\t\t\t<\/li>\n\t\t\t\t\t\t\t\t<li class=\"elementor-icon-list-item\">\n\t\t\t\t\t\t\t\t\t\t\t<span class=\"elementor-icon-list-icon\">\n\t\t\t\t\t\t\t<i aria-hidden=\"true\" class=\"fas fa-check\"><\/i>\t\t\t\t\t\t<\/span>\n\t\t\t\t\t\t\t\t\t\t<span class=\"elementor-icon-list-text\">Zintegruj i wizualizuj wewn\u0119trzne i zewn\u0119trzne punkty danych<\/span>\n\t\t\t\t\t\t\t\t\t<\/li>\n\t\t\t\t\t\t\t\t<li class=\"elementor-icon-list-item\">\n\t\t\t\t\t\t\t\t\t\t\t<span class=\"elementor-icon-list-icon\">\n\t\t\t\t\t\t\t<i aria-hidden=\"true\" class=\"fas fa-check\"><\/i>\t\t\t\t\t\t<\/span>\n\t\t\t\t\t\t\t\t\t\t<span class=\"elementor-icon-list-text\">Analizuj ponad 130 kluczowych wska\u017anik\u00f3w na mapie<\/span>\n\t\t\t\t\t\t\t\t\t<\/li>\n\t\t\t\t\t\t\t\t<li class=\"elementor-icon-list-item\">\n\t\t\t\t\t\t\t\t\t\t\t<span class=\"elementor-icon-list-icon\">\n\t\t\t\t\t\t\t<i aria-hidden=\"true\" class=\"fas fa-check\"><\/i>\t\t\t\t\t\t<\/span>\n\t\t\t\t\t\t\t\t\t\t<span class=\"elementor-icon-list-text\">Dostarczaj aktualne dane spo\u0142eczno-ekonomiczne dla przysz\u0142ych lokalizacji<\/span>\n\t\t\t\t\t\t\t\t\t<\/li>\n\t\t\t\t\t\t\t\t<li class=\"elementor-icon-list-item\">\n\t\t\t\t\t\t\t\t\t\t\t<span class=\"elementor-icon-list-icon\">\n\t\t\t\t\t\t\t<i aria-hidden=\"true\" class=\"fas fa-check\"><\/i>\t\t\t\t\t\t<\/span>\n\t\t\t\t\t\t\t\t\t\t<span class=\"elementor-icon-list-text\">Dostosuj punktacj\u0119 oceny lokalizacji do swojej bran\u017cy<\/span>\n\t\t\t\t\t\t\t\t\t<\/li>\n\t\t\t\t\t\t\t\t<li class=\"elementor-icon-list-item\">\n\t\t\t\t\t\t\t\t\t\t\t<span class=\"elementor-icon-list-icon\">\n\t\t\t\t\t\t\t<i aria-hidden=\"true\" class=\"fas fa-check\"><\/i>\t\t\t\t\t\t<\/span>\n\t\t\t\t\t\t\t\t\t\t<span class=\"elementor-icon-list-text\">Prognozuj miesi\u0119czne obroty w oparciu o nasz model, kt\u00f3ry wykorzystuje zaawansowan\u0105 analityk\u0119 i nauk\u0119 o danych<\/span>\n\t\t\t\t\t\t\t\t\t<\/li>\n\t\t\t\t\t\t<\/ul>\n\t\t\t\t\t\t<\/div>\n\t\t\t\t<\/div>\n\t\t\t\t<\/div>\n\t\t<div class=\"elementor-element elementor-element-71854554 e-con-full e-flex e-con e-child\" data-id=\"71854554\" data-element_type=\"container\" data-settings=\"{&quot;jet_parallax_layout_list&quot;:[]}\">\n\t\t\t\t<div class=\"elementor-element elementor-element-34542eb elementor-widget elementor-widget-image\" data-id=\"34542eb\" data-element_type=\"widget\" data-widget_type=\"image.default\">\n\t\t\t\t<div class=\"elementor-widget-container\">\n\t\t\t\t\t\t\t\t\t\t\t\t\t\t\t<img fetchpriority=\"high\" decoding=\"async\" width=\"800\" height=\"620\" src=\"https:\/\/netwiseglobal.com\/wp-content\/uploads\/2025\/11\/Untitled-1-1024x793.png\" class=\"attachment-large size-large wp-image-21461\" alt=\"\" srcset=\"https:\/\/netwiseglobal.com\/wp-content\/uploads\/2025\/11\/Untitled-1-1024x793.png 1024w, https:\/\/netwiseglobal.com\/wp-content\/uploads\/2025\/11\/Untitled-1-300x232.png 300w, https:\/\/netwiseglobal.com\/wp-content\/uploads\/2025\/11\/Untitled-1-768x594.png 768w, https:\/\/netwiseglobal.com\/wp-content\/uploads\/2025\/11\/Untitled-1.png 1146w\" sizes=\"(max-width: 800px) 100vw, 800px\" \/>\t\t\t\t\t\t\t\t\t\t\t\t\t\t\t<\/div>\n\t\t\t\t<\/div>\n\t\t\t\t<\/div>\n\t\t\t\t\t<\/div>\n\t\t\t\t<\/div>\n\t\t\t\t\t<\/div>\n\t\t<\/div>\n\t\t\t\t\t<\/div>\n\t\t<\/section>\n\t\t<div class=\"elementor-element elementor-element-5894bad4 e-flex e-con-boxed e-con e-parent\" data-id=\"5894bad4\" data-element_type=\"container\" data-settings=\"{&quot;background_background&quot;:&quot;classic&quot;,&quot;jet_parallax_layout_list&quot;:[]}\">\n\t\t\t\t\t<div class=\"e-con-inner\">\n\t\t<div class=\"elementor-element elementor-element-4e763a77 e-con-full e-flex e-con e-child\" data-id=\"4e763a77\" data-element_type=\"container\" data-settings=\"{&quot;jet_parallax_layout_list&quot;:[]}\">\n\t\t\t\t<div class=\"elementor-element elementor-element-7c668dde elementor-widget__width-initial elementor-widget elementor-widget-heading\" data-id=\"7c668dde\" data-element_type=\"widget\" data-widget_type=\"heading.default\">\n\t\t\t\t<div class=\"elementor-widget-container\">\n\t\t\t\t\t<p class=\"elementor-heading-title elementor-size-default\">Poznaj nasze rozwi\u0105zania\n<\/p>\t\t\t\t<\/div>\n\t\t\t\t<\/div>\n\t\t<div class=\"elementor-element elementor-element-67700eb3 e-con-full e-flex e-con e-child\" data-id=\"67700eb3\" data-element_type=\"container\" data-settings=\"{&quot;jet_parallax_layout_list&quot;:[]}\">\n\t\t<div class=\"elementor-element elementor-element-3e0676be e-con-full e-flex e-con e-child\" data-id=\"3e0676be\" data-element_type=\"container\" data-settings=\"{&quot;jet_parallax_layout_list&quot;:[]}\">\n\t\t<div class=\"elementor-element elementor-element-bb69222 e-con-full e-flex e-con e-child\" data-id=\"bb69222\" data-element_type=\"container\" data-settings=\"{&quot;jet_parallax_layout_list&quot;:[]}\">\n\t\t\t\t<div class=\"elementor-element elementor-element-6f6d88d4 elementor-widget elementor-widget-text-editor\" data-id=\"6f6d88d4\" data-element_type=\"widget\" data-widget_type=\"text-editor.default\">\n\t\t\t\t<div class=\"elementor-widget-container\">\n\t\t\t\t\t\t\t\t\tDynamics 365 Customer Insights\n\t\t\t\t\t\t\t\t<\/div>\n\t\t\t\t<\/div>\n\t\t\t\t<div class=\"elementor-element elementor-element-4190822 elementor-align-left elementor-widget elementor-widget-button\" data-id=\"4190822\" data-element_type=\"widget\" data-widget_type=\"button.default\">\n\t\t\t\t<div class=\"elementor-widget-container\">\n\t\t\t\t\t\t\t\t\t<div class=\"elementor-button-wrapper\">\n\t\t\t\t\t<a class=\"elementor-button elementor-button-link elementor-size-sm elementor-animation-float\" href=\"https:\/\/netwiseglobal.com\/solutions\/dynamics-365-customer-insights-data\/\">\n\t\t\t\t\t\t<span class=\"elementor-button-content-wrapper\">\n\t\t\t\t\t\t\t\t\t<span class=\"elementor-button-text\">Dowiedz si\u0119 wi\u0119cej<\/span>\n\t\t\t\t\t<\/span>\n\t\t\t\t\t<\/a>\n\t\t\t\t<\/div>\n\t\t\t\t\t\t\t\t<\/div>\n\t\t\t\t<\/div>\n\t\t\t\t<\/div>\n\t\t\t\t<\/div>\n\t\t<div class=\"elementor-element elementor-element-4747ee6 e-con-full e-flex e-con e-child\" data-id=\"4747ee6\" data-element_type=\"container\" data-settings=\"{&quot;jet_parallax_layout_list&quot;:[]}\">\n\t\t<div class=\"elementor-element elementor-element-776cc99e e-con-full e-flex e-con e-child\" data-id=\"776cc99e\" data-element_type=\"container\" data-settings=\"{&quot;jet_parallax_layout_list&quot;:[]}\">\n\t\t\t\t<div class=\"elementor-element elementor-element-1e1e8c95 elementor-widget elementor-widget-text-editor\" data-id=\"1e1e8c95\" data-element_type=\"widget\" data-widget_type=\"text-editor.default\">\n\t\t\t\t<div class=\"elementor-widget-container\">\n\t\t\t\t\t\t\t\t\tPortale B2B (Klienci i Partnerzy)\n\t\t\t\t\t\t\t\t<\/div>\n\t\t\t\t<\/div>\n\t\t\t\t<div class=\"elementor-element elementor-element-4187676 elementor-align-left elementor-widget elementor-widget-button\" data-id=\"4187676\" data-element_type=\"widget\" data-widget_type=\"button.default\">\n\t\t\t\t<div class=\"elementor-widget-container\">\n\t\t\t\t\t\t\t\t\t<div class=\"elementor-button-wrapper\">\n\t\t\t\t\t<a class=\"elementor-button elementor-button-link elementor-size-sm elementor-animation-float\" href=\"https:\/\/netwiseglobal.com\/solutions\/customer-dealer-portals\/\">\n\t\t\t\t\t\t<span class=\"elementor-button-content-wrapper\">\n\t\t\t\t\t\t\t\t\t<span class=\"elementor-button-text\">Dowiedz si\u0119 wi\u0119cej<\/span>\n\t\t\t\t\t<\/span>\n\t\t\t\t\t<\/a>\n\t\t\t\t<\/div>\n\t\t\t\t\t\t\t\t<\/div>\n\t\t\t\t<\/div>\n\t\t\t\t<\/div>\n\t\t\t\t<\/div>\n\t\t\t\t<\/div>\n\t\t\t\t<\/div>\n\t\t\t\t\t<\/div>\n\t\t\t\t<\/div>\n\t\t<div class=\"elementor-element elementor-element-369acff e-flex e-con-boxed e-con e-parent\" data-id=\"369acff\" data-element_type=\"container\" data-settings=\"{&quot;jet_parallax_layout_list&quot;:[],&quot;background_background&quot;:&quot;classic&quot;}\">\n\t\t\t\t\t<div class=\"e-con-inner\">\n\t\t<div class=\"elementor-element elementor-element-445db206 e-flex e-con-boxed e-con e-child\" data-id=\"445db206\" data-element_type=\"container\" data-settings=\"{&quot;background_background&quot;:&quot;classic&quot;,&quot;jet_parallax_layout_list&quot;:[]}\">\n\t\t\t\t\t<div class=\"e-con-inner\">\n\t\t\t\t<div class=\"elementor-element elementor-element-1c07b43b elementor-widget elementor-widget-heading\" data-id=\"1c07b43b\" data-element_type=\"widget\" data-widget_type=\"heading.default\">\n\t\t\t\t<div class=\"elementor-widget-container\">\n\t\t\t\t\t<h2 class=\"elementor-heading-title elementor-size-default\"><span style=\"color: #7ED321\">Zidentyfikuj<\/span> kluczowe obszary o najwi\u0119kszym potencjale<\/h2>\t\t\t\t<\/div>\n\t\t\t\t<\/div>\n\t\t\t\t<div class=\"elementor-element elementor-element-42343ea1 elementor-align-center elementor-tablet-align-center elementor-mobile-align-center elementor-widget elementor-widget-button\" data-id=\"42343ea1\" data-element_type=\"widget\" data-widget_type=\"button.default\">\n\t\t\t\t<div class=\"elementor-widget-container\">\n\t\t\t\t\t\t\t\t\t<div class=\"elementor-button-wrapper\">\n\t\t\t\t\t<a class=\"elementor-button elementor-button-link elementor-size-lg elementor-animation-grow\" href=\"https:\/\/netwiseglobal.com\/contact\/\/\">\n\t\t\t\t\t\t<span class=\"elementor-button-content-wrapper\">\n\t\t\t\t\t\t\t\t\t<span class=\"elementor-button-text\">Skontaktuj si\u0119<\/span>\n\t\t\t\t\t<\/span>\n\t\t\t\t\t<\/a>\n\t\t\t\t<\/div>\n\t\t\t\t\t\t\t\t<\/div>\n\t\t\t\t<\/div>\n\t\t\t\t\t<\/div>\n\t\t\t\t<\/div>\n\t\t\t\t\t<\/div>\n\t\t\t\t<\/div>\n\t\t\t\t<\/div>\n\t\t","protected":false},"excerpt":{"rendered":"<p>Home \/ Page Atrakcyjno\u015b\u0107 Handlowa Lokalizacji Oszacuj potencja\u0142 przysz\u0142ych punkt\u00f3w sprzeda\u017cy Zidentyfikuj obszary o wysokim potencjale Zintegruj i wizualizuj wewn\u0119trzne i zewn\u0119trzne punkty danych Analizuj ponad 130 kluczowych wska\u017anik\u00f3w na mapie Dostarczaj aktualne dane spo\u0142eczno-ekonomiczne dla przysz\u0142ych lokalizacji Dostosuj punktacj\u0119 oceny lokalizacji do swojej bran\u017cy Prognozuj miesi\u0119czne obroty w oparciu o nasz model, kt\u00f3ry wykorzystuje [&hellip;]<\/p>\n","protected":false},"author":1,"featured_media":0,"parent":21743,"menu_order":0,"comment_status":"closed","ping_status":"closed","template":"","meta":{"footnotes":""},"project-category":[103],"class_list":["post-21462","page","type-page","status-publish","hentry","project-category-our-products"],"yoast_head":"<!-- This site is optimized with the Yoast SEO plugin v26.6 - https:\/\/yoast.com\/wordpress\/plugins\/seo\/ -->\n<title>Location Attractiveness Finder - location-based AI<\/title>\n<meta name=\"description\" content=\"Location Attractiveness Finder analyzes over 130 parameters (demographic, behavioral and economic) to help you find the right location for your new PoS.\" \/>\n<meta name=\"robots\" content=\"index, follow, max-snippet:-1, max-image-preview:large, max-video-preview:-1\" \/>\n<link rel=\"canonical\" href=\"https:\/\/netwiseglobal.com\/pl\/nasze-produkty\/atrakcyjnosc-handlowa-lokalizacji\/\" \/>\n<meta property=\"og:locale\" content=\"pl_PL\" \/>\n<meta property=\"og:type\" content=\"article\" \/>\n<meta property=\"og:title\" content=\"Location Attractiveness Finder - location-based AI\" \/>\n<meta property=\"og:description\" content=\"Location Attractiveness Finder analyzes over 130 parameters (demographic, behavioral and economic) to help you find the right location for your new PoS.\" \/>\n<meta property=\"og:url\" content=\"https:\/\/netwiseglobal.com\/pl\/nasze-produkty\/atrakcyjnosc-handlowa-lokalizacji\/\" \/>\n<meta property=\"og:site_name\" content=\"Netwise - 7-time Dynamics 365 Partner of the Year\" \/>\n<meta property=\"article:modified_time\" content=\"2025-12-12T14:58:06+00:00\" \/>\n<meta property=\"og:image\" content=\"https:\/\/netwiseglobal.com\/wp-content\/uploads\/2025\/11\/Untitled-1-1024x793.png\" \/>\n<meta name=\"twitter:card\" content=\"summary_large_image\" \/>\n<meta name=\"twitter:label1\" content=\"Szacowany czas czytania\" \/>\n\t<meta name=\"twitter:data1\" content=\"1 minuta\" \/>\n<script type=\"application\/ld+json\" class=\"yoast-schema-graph\">{\"@context\":\"https:\/\/schema.org\",\"@graph\":[{\"@type\":\"WebPage\",\"@id\":\"https:\/\/netwiseglobal.com\/pl\/nasze-produkty\/atrakcyjnosc-handlowa-lokalizacji\/\",\"url\":\"https:\/\/netwiseglobal.com\/pl\/nasze-produkty\/atrakcyjnosc-handlowa-lokalizacji\/\",\"name\":\"Location Attractiveness Finder - location-based AI\",\"isPartOf\":{\"@id\":\"https:\/\/netwiseglobal.com\/pl\/#website\"},\"primaryImageOfPage\":{\"@id\":\"https:\/\/netwiseglobal.com\/pl\/nasze-produkty\/atrakcyjnosc-handlowa-lokalizacji\/#primaryimage\"},\"image\":{\"@id\":\"https:\/\/netwiseglobal.com\/pl\/nasze-produkty\/atrakcyjnosc-handlowa-lokalizacji\/#primaryimage\"},\"thumbnailUrl\":\"https:\/\/netwiseglobal.com\/wp-content\/uploads\/2025\/11\/Untitled-1-1024x793.png\",\"datePublished\":\"2023-02-26T21:28:57+00:00\",\"dateModified\":\"2025-12-12T14:58:06+00:00\",\"description\":\"Location Attractiveness Finder analyzes over 130 parameters (demographic, behavioral and economic) to help you find the right location for your new PoS.\",\"breadcrumb\":{\"@id\":\"https:\/\/netwiseglobal.com\/pl\/nasze-produkty\/atrakcyjnosc-handlowa-lokalizacji\/#breadcrumb\"},\"inLanguage\":\"pl-PL\",\"potentialAction\":[{\"@type\":\"ReadAction\",\"target\":[\"https:\/\/netwiseglobal.com\/pl\/nasze-produkty\/atrakcyjnosc-handlowa-lokalizacji\/\"]}]},{\"@type\":\"ImageObject\",\"inLanguage\":\"pl-PL\",\"@id\":\"https:\/\/netwiseglobal.com\/pl\/nasze-produkty\/atrakcyjnosc-handlowa-lokalizacji\/#primaryimage\",\"url\":\"https:\/\/netwiseglobal.com\/wp-content\/uploads\/2025\/11\/Untitled-1-1024x793.png\",\"contentUrl\":\"https:\/\/netwiseglobal.com\/wp-content\/uploads\/2025\/11\/Untitled-1-1024x793.png\"},{\"@type\":\"BreadcrumbList\",\"@id\":\"https:\/\/netwiseglobal.com\/pl\/nasze-produkty\/atrakcyjnosc-handlowa-lokalizacji\/#breadcrumb\",\"itemListElement\":[{\"@type\":\"ListItem\",\"position\":1,\"name\":\"Home\",\"item\":\"https:\/\/netwiseglobal.com\/pl\/\"},{\"@type\":\"ListItem\",\"position\":2,\"name\":\"Our Products\",\"item\":\"https:\/\/netwiseglobal.com\/pl\/nasze-produkty\/\"},{\"@type\":\"ListItem\",\"position\":3,\"name\":\"Atrakcyjno\u015b\u0107 Handlowa Lokalizacji\"}]},{\"@type\":\"WebSite\",\"@id\":\"https:\/\/netwiseglobal.com\/pl\/#website\",\"url\":\"https:\/\/netwiseglobal.com\/pl\/\",\"name\":\"Netwise - 7-time Dynamics 365 Partner of the Year\",\"description\":\"We are Netwise. We have been on the CRM market since 2008 and we are the most-awarded Microsoft Dynamics 365 integrator in Europe\",\"publisher\":{\"@id\":\"https:\/\/netwiseglobal.com\/pl\/#organization\"},\"potentialAction\":[{\"@type\":\"SearchAction\",\"target\":{\"@type\":\"EntryPoint\",\"urlTemplate\":\"https:\/\/netwiseglobal.com\/pl\/?s={search_term_string}\"},\"query-input\":{\"@type\":\"PropertyValueSpecification\",\"valueRequired\":true,\"valueName\":\"search_term_string\"}}],\"inLanguage\":\"pl-PL\"},{\"@type\":\"Organization\",\"@id\":\"https:\/\/netwiseglobal.com\/pl\/#organization\",\"name\":\"Netwise - 7-time Dynamics 365 Partner of the Year\",\"url\":\"https:\/\/netwiseglobal.com\/pl\/\",\"logo\":{\"@type\":\"ImageObject\",\"inLanguage\":\"pl-PL\",\"@id\":\"https:\/\/netwiseglobal.com\/pl\/#\/schema\/logo\/image\/\",\"url\":\"https:\/\/netwiseglobal.com\/wp-content\/uploads\/2025\/11\/logo_netwise_blue.png\",\"contentUrl\":\"https:\/\/netwiseglobal.com\/wp-content\/uploads\/2025\/11\/logo_netwise_blue.png\",\"width\":1120,\"height\":208,\"caption\":\"Netwise - 7-time Dynamics 365 Partner of the Year\"},\"image\":{\"@id\":\"https:\/\/netwiseglobal.com\/pl\/#\/schema\/logo\/image\/\"}}]}<\/script>\n<!-- \/ Yoast SEO plugin. -->","yoast_head_json":{"title":"Location Attractiveness Finder - location-based AI","description":"Location Attractiveness Finder analyzes over 130 parameters (demographic, behavioral and economic) to help you find the right location for your new PoS.","robots":{"index":"index","follow":"follow","max-snippet":"max-snippet:-1","max-image-preview":"max-image-preview:large","max-video-preview":"max-video-preview:-1"},"canonical":"https:\/\/netwiseglobal.com\/pl\/nasze-produkty\/atrakcyjnosc-handlowa-lokalizacji\/","og_locale":"pl_PL","og_type":"article","og_title":"Location Attractiveness Finder - location-based AI","og_description":"Location Attractiveness Finder analyzes over 130 parameters (demographic, behavioral and economic) to help you find the right location for your new PoS.","og_url":"https:\/\/netwiseglobal.com\/pl\/nasze-produkty\/atrakcyjnosc-handlowa-lokalizacji\/","og_site_name":"Netwise - 7-time Dynamics 365 Partner of the Year","article_modified_time":"2025-12-12T14:58:06+00:00","og_image":[{"url":"https:\/\/netwiseglobal.com\/wp-content\/uploads\/2025\/11\/Untitled-1-1024x793.png","type":"","width":"","height":""}],"twitter_card":"summary_large_image","twitter_misc":{"Szacowany czas czytania":"1 minuta"},"schema":{"@context":"https:\/\/schema.org","@graph":[{"@type":"WebPage","@id":"https:\/\/netwiseglobal.com\/pl\/nasze-produkty\/atrakcyjnosc-handlowa-lokalizacji\/","url":"https:\/\/netwiseglobal.com\/pl\/nasze-produkty\/atrakcyjnosc-handlowa-lokalizacji\/","name":"Location Attractiveness Finder - location-based AI","isPartOf":{"@id":"https:\/\/netwiseglobal.com\/pl\/#website"},"primaryImageOfPage":{"@id":"https:\/\/netwiseglobal.com\/pl\/nasze-produkty\/atrakcyjnosc-handlowa-lokalizacji\/#primaryimage"},"image":{"@id":"https:\/\/netwiseglobal.com\/pl\/nasze-produkty\/atrakcyjnosc-handlowa-lokalizacji\/#primaryimage"},"thumbnailUrl":"https:\/\/netwiseglobal.com\/wp-content\/uploads\/2025\/11\/Untitled-1-1024x793.png","datePublished":"2023-02-26T21:28:57+00:00","dateModified":"2025-12-12T14:58:06+00:00","description":"Location Attractiveness Finder analyzes over 130 parameters (demographic, behavioral and economic) to help you find the right location for your new PoS.","breadcrumb":{"@id":"https:\/\/netwiseglobal.com\/pl\/nasze-produkty\/atrakcyjnosc-handlowa-lokalizacji\/#breadcrumb"},"inLanguage":"pl-PL","potentialAction":[{"@type":"ReadAction","target":["https:\/\/netwiseglobal.com\/pl\/nasze-produkty\/atrakcyjnosc-handlowa-lokalizacji\/"]}]},{"@type":"ImageObject","inLanguage":"pl-PL","@id":"https:\/\/netwiseglobal.com\/pl\/nasze-produkty\/atrakcyjnosc-handlowa-lokalizacji\/#primaryimage","url":"https:\/\/netwiseglobal.com\/wp-content\/uploads\/2025\/11\/Untitled-1-1024x793.png","contentUrl":"https:\/\/netwiseglobal.com\/wp-content\/uploads\/2025\/11\/Untitled-1-1024x793.png"},{"@type":"BreadcrumbList","@id":"https:\/\/netwiseglobal.com\/pl\/nasze-produkty\/atrakcyjnosc-handlowa-lokalizacji\/#breadcrumb","itemListElement":[{"@type":"ListItem","position":1,"name":"Home","item":"https:\/\/netwiseglobal.com\/pl\/"},{"@type":"ListItem","position":2,"name":"Our Products","item":"https:\/\/netwiseglobal.com\/pl\/nasze-produkty\/"},{"@type":"ListItem","position":3,"name":"Atrakcyjno\u015b\u0107 Handlowa Lokalizacji"}]},{"@type":"WebSite","@id":"https:\/\/netwiseglobal.com\/pl\/#website","url":"https:\/\/netwiseglobal.com\/pl\/","name":"Netwise - 7-time Dynamics 365 Partner of the Year","description":"We are Netwise. We have been on the CRM market since 2008 and we are the most-awarded Microsoft Dynamics 365 integrator in Europe","publisher":{"@id":"https:\/\/netwiseglobal.com\/pl\/#organization"},"potentialAction":[{"@type":"SearchAction","target":{"@type":"EntryPoint","urlTemplate":"https:\/\/netwiseglobal.com\/pl\/?s={search_term_string}"},"query-input":{"@type":"PropertyValueSpecification","valueRequired":true,"valueName":"search_term_string"}}],"inLanguage":"pl-PL"},{"@type":"Organization","@id":"https:\/\/netwiseglobal.com\/pl\/#organization","name":"Netwise - 7-time Dynamics 365 Partner of the Year","url":"https:\/\/netwiseglobal.com\/pl\/","logo":{"@type":"ImageObject","inLanguage":"pl-PL","@id":"https:\/\/netwiseglobal.com\/pl\/#\/schema\/logo\/image\/","url":"https:\/\/netwiseglobal.com\/wp-content\/uploads\/2025\/11\/logo_netwise_blue.png","contentUrl":"https:\/\/netwiseglobal.com\/wp-content\/uploads\/2025\/11\/logo_netwise_blue.png","width":1120,"height":208,"caption":"Netwise - 7-time Dynamics 365 Partner of the Year"},"image":{"@id":"https:\/\/netwiseglobal.com\/pl\/#\/schema\/logo\/image\/"}}]}},"_links":{"self":[{"href":"https:\/\/netwiseglobal.com\/pl\/wp-json\/wp\/v2\/pages\/21462","targetHints":{"allow":["GET"]}}],"collection":[{"href":"https:\/\/netwiseglobal.com\/pl\/wp-json\/wp\/v2\/pages"}],"about":[{"href":"https:\/\/netwiseglobal.com\/pl\/wp-json\/wp\/v2\/types\/page"}],"author":[{"embeddable":true,"href":"https:\/\/netwiseglobal.com\/pl\/wp-json\/wp\/v2\/users\/1"}],"replies":[{"embeddable":true,"href":"https:\/\/netwiseglobal.com\/pl\/wp-json\/wp\/v2\/comments?post=21462"}],"version-history":[{"count":0,"href":"https:\/\/netwiseglobal.com\/pl\/wp-json\/wp\/v2\/pages\/21462\/revisions"}],"up":[{"embeddable":true,"href":"https:\/\/netwiseglobal.com\/pl\/wp-json\/wp\/v2\/pages\/21743"}],"wp:attachment":[{"href":"https:\/\/netwiseglobal.com\/pl\/wp-json\/wp\/v2\/media?parent=21462"}],"wp:term":[{"taxonomy":"project-category","embeddable":true,"href":"https:\/\/netwiseglobal.com\/pl\/wp-json\/wp\/v2\/project-category?post=21462"}],"curies":[{"name":"wp","href":"https:\/\/api.w.org\/{rel}","templated":true}]}}