{"id":21894,"date":"2023-02-16T21:34:26","date_gmt":"2023-02-16T20:34:26","guid":{"rendered":"https:\/\/netwiseglobal.com\/kontakt\/"},"modified":"2026-01-21T10:49:02","modified_gmt":"2026-01-21T09:49:02","slug":"kontakt","status":"publish","type":"page","link":"https:\/\/netwiseglobal.com\/pl\/kontakt\/","title":{"rendered":"Kontakt"},"content":{"rendered":"\t\t<div data-elementor-type=\"wp-page\" data-elementor-id=\"21894\" class=\"elementor elementor-21894 elementor-521\" data-elementor-post-type=\"page\">\n\t\t\t\t<div class=\"elementor-element elementor-element-2ee2a09 e-flex e-con-boxed e-con e-parent\" data-id=\"2ee2a09\" data-element_type=\"container\" data-settings=\"{&quot;background_background&quot;:&quot;classic&quot;,&quot;jet_parallax_layout_list&quot;:[]}\">\n\t\t\t\t\t<div class=\"e-con-inner\">\n\t\t\t\t<div class=\"elementor-element elementor-element-2d08651 elementor-hidden-tablet elementor-hidden-mobile elementor-widget elementor-widget-eael-breadcrumbs\" data-id=\"2d08651\" data-element_type=\"widget\" data-widget_type=\"eael-breadcrumbs.default\">\n\t\t\t\t<div class=\"elementor-widget-container\">\n\t\t\t\t\t\t\t<div class=\"eael-breadcrumbs\">\n\t\t\t<div class=\"eael-breadcrumbs__content\"><a href=\"https:\/\/netwiseglobal.com\/pl\/\">Home<\/a> <span class=\"eael-breadcrumb-separator\">\/<\/span> <span class = \"eael-current\">Strona<\/span><\/div>\t\t<\/div>\n\t\t\t\t\t\t<\/div>\n\t\t\t\t<\/div>\n\t\t\t\t\t<\/div>\n\t\t\t\t<\/div>\n\t\t<div class=\"elementor-element elementor-element-673aceef e-flex e-con-boxed e-con e-parent\" data-id=\"673aceef\" data-element_type=\"container\" data-settings=\"{&quot;background_background&quot;:&quot;classic&quot;,&quot;jet_parallax_layout_list&quot;:[]}\">\n\t\t\t\t\t<div class=\"e-con-inner\">\n\t\t<div class=\"elementor-element elementor-element-1c1dc62 e-con-full e-flex e-con e-child\" data-id=\"1c1dc62\" data-element_type=\"container\" data-settings=\"{&quot;jet_parallax_layout_list&quot;:[]}\">\n\t\t<div class=\"elementor-element elementor-element-2fd94b2 e-flex e-con-boxed e-con e-child\" data-id=\"2fd94b2\" data-element_type=\"container\" data-settings=\"{&quot;jet_parallax_layout_list&quot;:[]}\">\n\t\t\t\t\t<div class=\"e-con-inner\">\n\t\t<div class=\"elementor-element elementor-element-d8c7c3d e-con-full e-flex e-con e-child\" data-id=\"d8c7c3d\" data-element_type=\"container\" data-settings=\"{&quot;jet_parallax_layout_list&quot;:[]}\">\n\t\t<div class=\"elementor-element elementor-element-58a1e39 e-con-full e-flex e-con e-child\" data-id=\"58a1e39\" data-element_type=\"container\" data-settings=\"{&quot;jet_parallax_layout_list&quot;:[]}\">\n\t\t\t\t<div class=\"elementor-element elementor-element-5f434d5 elementor-widget elementor-widget-heading\" data-id=\"5f434d5\" data-element_type=\"widget\" data-widget_type=\"heading.default\">\n\t\t\t\t<div class=\"elementor-widget-container\">\n\t\t\t\t\t<h4 class=\"elementor-heading-title elementor-size-default\">Kontakt<\/h4>\t\t\t\t<\/div>\n\t\t\t\t<\/div>\n\t\t\t\t<div class=\"elementor-element elementor-element-3f23ac6 elementor-widget elementor-widget-html\" data-id=\"3f23ac6\" data-element_type=\"widget\" data-widget_type=\"html.default\">\n\t\t\t\t<div class=\"elementor-widget-container\">\n\t\t\t\t\t<div\r\n        data-form-id='727e6a50-1b00-f011-bae3-6045bddf3927'\r\n        data-form-api-url='https:\/\/public-eur.mkt.dynamics.com\/api\/v1.0\/orgs\/e54f7a08-e526-460e-a493-6ac45476b97e\/landingpageforms'\r\n        data-cached-form-url='https:\/\/assets1-eur.mkt.dynamics.com\/e54f7a08-e526-460e-a493-6ac45476b97e\/digitalassets\/forms\/727e6a50-1b00-f011-bae3-6045bddf3927' ><\/div>\r\n        <script src = 'https:\/\/cxppusa1formui01cdnsa01-endpoint.azureedge.net\/eur\/FormLoader\/FormLoader.bundle.js' ><\/script>\t\t\t\t<\/div>\n\t\t\t\t<\/div>\n\t\t\t\t<\/div>\n\t\t\t\t<\/div>\n\t\t<div class=\"elementor-element elementor-element-ec6ec34 e-con-full e-flex e-con e-child\" data-id=\"ec6ec34\" data-element_type=\"container\" data-settings=\"{&quot;jet_parallax_layout_list&quot;:[]}\">\n\t\t<div class=\"elementor-element elementor-element-94c7465 e-con-full e-flex e-con e-child\" data-id=\"94c7465\" data-element_type=\"container\" data-settings=\"{&quot;jet_parallax_layout_list&quot;:[]}\">\n\t\t\t\t<div class=\"elementor-element elementor-element-2c819ca elementor-widget elementor-widget-heading\" data-id=\"2c819ca\" data-element_type=\"widget\" data-widget_type=\"heading.default\">\n\t\t\t\t<div class=\"elementor-widget-container\">\n\t\t\t\t\t<h4 class=\"elementor-heading-title elementor-size-default\">Netwise S.A.<\/h4>\t\t\t\t<\/div>\n\t\t\t\t<\/div>\n\t\t\t\t<div class=\"elementor-element elementor-element-f78afe9 elementor-widget elementor-widget-image\" data-id=\"f78afe9\" data-element_type=\"widget\" data-widget_type=\"image.default\">\n\t\t\t\t<div class=\"elementor-widget-container\">\n\t\t\t\t\t\t\t\t\t\t\t\t\t\t\t<img fetchpriority=\"high\" decoding=\"async\" width=\"350\" height=\"170\" src=\"https:\/\/netwiseglobal.com\/wp-content\/uploads\/2023\/02\/netwise-emea-hq-350x0-c-default.jpg\" class=\"attachment-large size-large wp-image-21891\" alt=\"\" srcset=\"https:\/\/netwiseglobal.com\/wp-content\/uploads\/2023\/02\/netwise-emea-hq-350x0-c-default.jpg 350w, https:\/\/netwiseglobal.com\/wp-content\/uploads\/2023\/02\/netwise-emea-hq-350x0-c-default-300x146.jpg 300w, https:\/\/netwiseglobal.com\/wp-content\/uploads\/2023\/02\/netwise-emea-hq-350x0-c-default-230x112.jpg 230w\" sizes=\"(max-width: 350px) 100vw, 350px\" \/>\t\t\t\t\t\t\t\t\t\t\t\t\t\t\t<\/div>\n\t\t\t\t<\/div>\n\t\t\t\t<div class=\"elementor-element elementor-element-c22bae3 elementor-widget elementor-widget-text-editor\" data-id=\"c22bae3\" data-element_type=\"widget\" data-widget_type=\"text-editor.default\">\n\t\t\t\t<div class=\"elementor-widget-container\">\n\t\t\t\t\t\t\t\t\t<p><span style=\"color: #ffffff;\"><a style=\"color: #ffffff;\" href=\"tel:+48 (22) 379 71 70\">+48 (22) 379 71 70<\/a><\/span><\/p><p>ul. Szamocka 8<br \/>01-748, Warszawa<\/p>\t\t\t\t\t\t\t\t<\/div>\n\t\t\t\t<\/div>\n\t\t\t\t<\/div>\n\t\t<div class=\"elementor-element elementor-element-b52f750 e-con-full e-flex e-con e-child\" data-id=\"b52f750\" data-element_type=\"container\" data-settings=\"{&quot;jet_parallax_layout_list&quot;:[]}\">\n\t\t\t\t<div class=\"elementor-element elementor-element-9d70f7d elementor-widget elementor-widget-heading\" data-id=\"9d70f7d\" data-element_type=\"widget\" data-widget_type=\"heading.default\">\n\t\t\t\t<div class=\"elementor-widget-container\">\n\t\t\t\t\t<h4 class=\"elementor-heading-title elementor-size-default\">Netwise USA, Inc.<\/h4>\t\t\t\t<\/div>\n\t\t\t\t<\/div>\n\t\t\t\t<div class=\"elementor-element elementor-element-95f2977 elementor-widget elementor-widget-image\" data-id=\"95f2977\" data-element_type=\"widget\" data-widget_type=\"image.default\">\n\t\t\t\t<div class=\"elementor-widget-container\">\n\t\t\t\t\t\t\t\t\t\t\t\t\t\t\t<img decoding=\"async\" width=\"350\" height=\"175\" src=\"https:\/\/netwiseglobal.com\/wp-content\/uploads\/2023\/02\/netwise-boca-350x0-c-default.jpg\" class=\"attachment-large size-large wp-image-21892\" alt=\"\" srcset=\"https:\/\/netwiseglobal.com\/wp-content\/uploads\/2023\/02\/netwise-boca-350x0-c-default.jpg 350w, https:\/\/netwiseglobal.com\/wp-content\/uploads\/2023\/02\/netwise-boca-350x0-c-default-300x150.jpg 300w, https:\/\/netwiseglobal.com\/wp-content\/uploads\/2023\/02\/netwise-boca-350x0-c-default-230x115.jpg 230w\" sizes=\"(max-width: 350px) 100vw, 350px\" \/>\t\t\t\t\t\t\t\t\t\t\t\t\t\t\t<\/div>\n\t\t\t\t<\/div>\n\t\t\t\t<div class=\"elementor-element elementor-element-120fd23 elementor-widget elementor-widget-text-editor\" data-id=\"120fd23\" data-element_type=\"widget\" data-widget_type=\"text-editor.default\">\n\t\t\t\t<div class=\"elementor-widget-container\">\n\t\t\t\t\t\t\t\t\t<p><span style=\"color: #ffffff;\"><a style=\"color: #ffffff;\" href=\"tel:+18009948224\">+1 (800) 994-8224<\/a><\/span><\/p><p>621 NW 53rd St., STE 125<br \/>Boca Raton, FL 33487<\/p>\t\t\t\t\t\t\t\t<\/div>\n\t\t\t\t<\/div>\n\t\t\t\t<\/div>\n\t\t\t\t<\/div>\n\t\t\t\t\t<\/div>\n\t\t\t\t<\/div>\n\t\t\t\t<\/div>\n\t\t\t\t\t<\/div>\n\t\t\t\t<\/div>\n\t\t\t\t<section class=\"elementor-section elementor-top-section elementor-element elementor-element-d99ecf0 elementor-section-boxed elementor-section-height-default elementor-section-height-default\" data-id=\"d99ecf0\" data-element_type=\"section\" data-settings=\"{&quot;jet_parallax_layout_list&quot;:[],&quot;background_background&quot;:&quot;classic&quot;}\">\n\t\t\t\t\t\t<div class=\"elementor-container elementor-column-gap-default\">\n\t\t\t\t\t<div class=\"elementor-column elementor-col-100 elementor-top-column elementor-element elementor-element-8f3889b\" data-id=\"8f3889b\" data-element_type=\"column\">\n\t\t\t<div class=\"elementor-widget-wrap elementor-element-populated\">\n\t\t\t\t\t\t<div class=\"elementor-element elementor-element-7f00582 elementor-widget elementor-widget-text-editor\" data-id=\"7f00582\" data-element_type=\"widget\" data-widget_type=\"text-editor.default\">\n\t\t\t\t<div class=\"elementor-widget-container\">\n\t\t\t\t\t\t\t\t\t<p><small> Administrator przetwarza Twoje dane osobowe w celu kontaktu (udzielania odpowiedzi na zapytania przes\u0142ane za po\u015brednictwem formularza kontaktowego), a tak\u017ce &#8211; w przypadku wyra\u017cenia zgody &#8211; w celach handlowych i marketingowych. Administrator przetwarza dane osobowe w celach handlowych i marketingowych.<br>Przys\u0142uguje Ci prawo dost\u0119pu do Twoich danych osobowych, ich sprostowania, usuni\u0119cia, ograniczenia przetwarzania, a tak\u017ce prawo do przenoszenia danych oraz prawo wniesienia sprzeciwu wobec przetwarzania danych. Masz r\u00f3wnie\u017c prawo do cofni\u0119cia zgody na przetwarzanie danych osobowych udzielonej Administratorowi. Cofni\u0119cie zgody nie wp\u0142ywa na zgodno\u015b\u0107 z prawem przetwarzania dokonanego przed jej cofni\u0119ciem.<br>Przys\u0142uguje Ci tak\u017ce prawo wniesienia skargi do Prezesa Urz\u0119du Ochrony Danych Osobowych.     <\/small><\/p>\t\t\t\t\t\t\t\t<\/div>\n\t\t\t\t<\/div>\n\t\t\t\t\t<\/div>\n\t\t<\/div>\n\t\t\t\t\t<\/div>\n\t\t<\/section>\n\t\t<div class=\"elementor-element elementor-element-ac15505 e-flex e-con-boxed e-con e-parent\" data-id=\"ac15505\" data-element_type=\"container\" data-settings=\"{&quot;background_background&quot;:&quot;classic&quot;,&quot;jet_parallax_layout_list&quot;:[]}\">\n\t\t\t\t\t<div class=\"e-con-inner\">\n\t\t<div class=\"elementor-element elementor-element-fe336ce e-con-full e-flex e-con e-child\" data-id=\"fe336ce\" data-element_type=\"container\" data-settings=\"{&quot;jet_parallax_layout_list&quot;:[]}\">\n\t\t<div class=\"elementor-element elementor-element-9132483 e-con-full e-flex e-con e-child\" data-id=\"9132483\" data-element_type=\"container\" data-settings=\"{&quot;jet_parallax_layout_list&quot;:[]}\">\n\t\t\t\t<div class=\"elementor-element elementor-element-a9dcb98 elementor-widget__width-inherit elementor-widget elementor-widget-heading\" data-id=\"a9dcb98\" data-element_type=\"widget\" data-widget_type=\"heading.default\">\n\t\t\t\t<div class=\"elementor-widget-container\">\n\t\t\t\t\t<h2 class=\"elementor-heading-title elementor-size-default\">Oddzia\u0142y<\/h2>\t\t\t\t<\/div>\n\t\t\t\t<\/div>\n\t\t\t\t<\/div>\n\t\t<div class=\"elementor-element elementor-element-a757b93 e-con-full e-flex e-con e-child\" data-id=\"a757b93\" data-element_type=\"container\" data-settings=\"{&quot;jet_parallax_layout_list&quot;:[]}\">\n\t\t<div class=\"elementor-element elementor-element-b619397 e-con-full e-flex e-con e-child\" data-id=\"b619397\" data-element_type=\"container\" data-settings=\"{&quot;jet_parallax_layout_list&quot;:[]}\">\n\t\t<div class=\"elementor-element elementor-element-4b81b4b e-flex e-con-boxed e-con e-child\" data-id=\"4b81b4b\" data-element_type=\"container\" data-settings=\"{&quot;jet_parallax_layout_list&quot;:[]}\">\n\t\t\t\t\t<div class=\"e-con-inner\">\n\t\t<div class=\"elementor-element elementor-element-10f4c1d e-con-full e-flex e-con e-child\" data-id=\"10f4c1d\" data-element_type=\"container\" data-settings=\"{&quot;jet_parallax_layout_list&quot;:[]}\">\n\t\t\t\t<div class=\"elementor-element elementor-element-4c237a2 elementor-widget elementor-widget-heading\" data-id=\"4c237a2\" data-element_type=\"widget\" data-widget_type=\"heading.default\">\n\t\t\t\t<div class=\"elementor-widget-container\">\n\t\t\t\t\t<h3 class=\"elementor-heading-title elementor-size-default\">Sprzeda\u017c<\/h3>\t\t\t\t<\/div>\n\t\t\t\t<\/div>\n\t\t\t\t<div class=\"elementor-element elementor-element-ffac899 elementor-widget elementor-widget-text-editor\" data-id=\"ffac899\" data-element_type=\"widget\" data-widget_type=\"text-editor.default\">\n\t\t\t\t<div class=\"elementor-widget-container\">\n\t\t\t\t\t\t\t\t\t<p>telefon: <a href=\"tel:+48%20(22)%20379%2071%2070\">+48 (22) 379 71 70<\/a><br>email: <a href=\"mailto:sales@netwiseglobal.com\">sales@netwiseglobal.com<\/a><\/p>\t\t\t\t\t\t\t\t<\/div>\n\t\t\t\t<\/div>\n\t\t\t\t<\/div>\n\t\t<div class=\"elementor-element elementor-element-4115b31 e-con-full e-flex e-con e-child\" data-id=\"4115b31\" data-element_type=\"container\" data-settings=\"{&quot;jet_parallax_layout_list&quot;:[]}\">\n\t\t\t\t<div class=\"elementor-element elementor-element-043cddb elementor-widget elementor-widget-heading\" data-id=\"043cddb\" data-element_type=\"widget\" data-widget_type=\"heading.default\">\n\t\t\t\t<div class=\"elementor-widget-container\">\n\t\t\t\t\t<h3 class=\"elementor-heading-title elementor-size-default\">PR<\/h3>\t\t\t\t<\/div>\n\t\t\t\t<\/div>\n\t\t\t\t<div class=\"elementor-element elementor-element-8dd7ba4 elementor-widget-tablet__width-initial elementor-widget elementor-widget-text-editor\" data-id=\"8dd7ba4\" data-element_type=\"widget\" data-widget_type=\"text-editor.default\">\n\t\t\t\t<div class=\"elementor-widget-container\">\n\t\t\t\t\t\t\t\t\t<p>telefon: <a href=\"tel:+48%20(22)%20379%2071%2070\">+48 (22) 379 71 70<\/a><br \/>email: <a href=\"mailto:sales@netwiseglobal.com\">sales@netwiseglobal.com<\/a><\/p>\t\t\t\t\t\t\t\t<\/div>\n\t\t\t\t<\/div>\n\t\t\t\t<\/div>\n\t\t<div class=\"elementor-element elementor-element-a03bdd0 e-con-full e-flex e-con e-child\" data-id=\"a03bdd0\" data-element_type=\"container\" data-settings=\"{&quot;jet_parallax_layout_list&quot;:[]}\">\n\t\t\t\t<div class=\"elementor-element elementor-element-3777165 elementor-widget elementor-widget-heading\" data-id=\"3777165\" data-element_type=\"widget\" data-widget_type=\"heading.default\">\n\t\t\t\t<div class=\"elementor-widget-container\">\n\t\t\t\t\t<h3 class=\"elementor-heading-title elementor-size-default\">Dane prawne firmy<\/h3>\t\t\t\t<\/div>\n\t\t\t\t<\/div>\n\t\t\t\t<div class=\"elementor-element elementor-element-ac85c10 elementor-widget-tablet__width-initial elementor-widget elementor-widget-text-editor\" data-id=\"ac85c10\" data-element_type=\"widget\" data-widget_type=\"text-editor.default\">\n\t\t\t\t<div class=\"elementor-widget-container\">\n\t\t\t\t\t\t\t\t\t<p><strong>Netwise S.A.<\/strong><br \/>VAT ID: PL5242646576<br \/>KRS: 0000426913<br \/>Share capital: 101,812.90 PLN, w pe\u0142ni op\u0142acony<\/p>\t\t\t\t\t\t\t\t<\/div>\n\t\t\t\t<\/div>\n\t\t\t\t<\/div>\n\t\t\t\t\t<\/div>\n\t\t\t\t<\/div>\n\t\t\t\t<\/div>\n\t\t\t\t<\/div>\n\t\t\t\t<\/div>\n\t\t\t\t\t<\/div>\n\t\t\t\t<\/div>\n\t\t\t\t<\/div>\n\t\t","protected":false},"excerpt":{"rendered":"<p>Home \/ Page Kontakt Netwise S.A. +48 (22) 379 71 70 ul. Szamocka 801-748, Warszawa Netwise USA, Inc. +1 (800) 994-8224 621 NW 53rd St., STE 125Boca Raton, FL 33487 Administrator przetwarza Twoje dane osobowe w celu kontaktu (udzielania odpowiedzi na zapytania przes\u0142ane za po\u015brednictwem formularza kontaktowego), a tak\u017ce &#8211; w przypadku wyra\u017cenia zgody &#8211; [&hellip;]<\/p>\n","protected":false},"author":1,"featured_media":0,"parent":0,"menu_order":0,"comment_status":"closed","ping_status":"closed","template":"","meta":{"footnotes":""},"project-category":[],"class_list":["post-21894","page","type-page","status-publish","hentry"],"yoast_head":"<!-- This site is optimized with the Yoast SEO plugin v26.6 - https:\/\/yoast.com\/wordpress\/plugins\/seo\/ -->\n<title>Skontaktuj si\u0119 z nami, aby zaplanowa\u0107 realne zmiany w Twojej firmie Dynamics 365<\/title>\n<meta name=\"description\" content=\"Masz do\u015b\u0107 marketingowych buzzword\u00f3w o cyfrowej transformacji? Skontaktuj si\u0119 z nami, aby porozmawia\u0107 o konkretnym, praktycznym podej\u015bciu do aplikacji biznesowych i CRM.\" \/>\n<meta name=\"robots\" content=\"index, follow, max-snippet:-1, max-image-preview:large, max-video-preview:-1\" \/>\n<link rel=\"canonical\" href=\"https:\/\/netwiseglobal.com\/pl\/kontakt\/\" \/>\n<meta property=\"og:locale\" content=\"pl_PL\" \/>\n<meta property=\"og:type\" content=\"article\" \/>\n<meta property=\"og:title\" content=\"Skontaktuj si\u0119 z nami, aby zaplanowa\u0107 realne zmiany w Twojej firmie Dynamics 365\" \/>\n<meta property=\"og:description\" content=\"Masz do\u015b\u0107 marketingowych buzzword\u00f3w o cyfrowej transformacji? Skontaktuj si\u0119 z nami, aby porozmawia\u0107 o konkretnym, praktycznym podej\u015bciu do aplikacji biznesowych i CRM.\" \/>\n<meta property=\"og:url\" content=\"https:\/\/netwiseglobal.com\/pl\/kontakt\/\" \/>\n<meta property=\"og:site_name\" content=\"Netwise - 7-time Dynamics 365 Partner of the Year\" \/>\n<meta property=\"article:modified_time\" content=\"2026-01-21T09:49:02+00:00\" \/>\n<meta property=\"og:image\" content=\"https:\/\/netwiseglobal.com\/wp-content\/uploads\/2023\/02\/netwise-emea-hq-350x0-c-default.jpg\" \/>\n\t<meta property=\"og:image:width\" content=\"350\" \/>\n\t<meta property=\"og:image:height\" content=\"170\" \/>\n\t<meta property=\"og:image:type\" content=\"image\/jpeg\" \/>\n<meta name=\"twitter:card\" content=\"summary_large_image\" \/>\n<meta name=\"twitter:label1\" content=\"Szacowany czas czytania\" \/>\n\t<meta name=\"twitter:data1\" content=\"2 minuty\" \/>\n<script type=\"application\/ld+json\" class=\"yoast-schema-graph\">{\"@context\":\"https:\/\/schema.org\",\"@graph\":[{\"@type\":\"WebPage\",\"@id\":\"https:\/\/netwiseglobal.com\/pl\/kontakt\/\",\"url\":\"https:\/\/netwiseglobal.com\/pl\/kontakt\/\",\"name\":\"Skontaktuj si\u0119 z nami, aby zaplanowa\u0107 realne zmiany w Twojej firmie Dynamics 365\",\"isPartOf\":{\"@id\":\"https:\/\/netwiseglobal.com\/pl\/#website\"},\"primaryImageOfPage\":{\"@id\":\"https:\/\/netwiseglobal.com\/pl\/kontakt\/#primaryimage\"},\"image\":{\"@id\":\"https:\/\/netwiseglobal.com\/pl\/kontakt\/#primaryimage\"},\"thumbnailUrl\":\"https:\/\/netwiseglobal.com\/wp-content\/uploads\/2023\/02\/netwise-emea-hq-350x0-c-default.jpg\",\"datePublished\":\"2023-02-16T20:34:26+00:00\",\"dateModified\":\"2026-01-21T09:49:02+00:00\",\"description\":\"Masz do\u015b\u0107 marketingowych buzzword\u00f3w o cyfrowej transformacji? Skontaktuj si\u0119 z nami, aby porozmawia\u0107 o konkretnym, praktycznym podej\u015bciu do aplikacji biznesowych i CRM.\",\"breadcrumb\":{\"@id\":\"https:\/\/netwiseglobal.com\/pl\/kontakt\/#breadcrumb\"},\"inLanguage\":\"pl-PL\",\"potentialAction\":[{\"@type\":\"ReadAction\",\"target\":[\"https:\/\/netwiseglobal.com\/pl\/kontakt\/\"]}]},{\"@type\":\"ImageObject\",\"inLanguage\":\"pl-PL\",\"@id\":\"https:\/\/netwiseglobal.com\/pl\/kontakt\/#primaryimage\",\"url\":\"https:\/\/netwiseglobal.com\/wp-content\/uploads\/2023\/02\/netwise-emea-hq-350x0-c-default.jpg\",\"contentUrl\":\"https:\/\/netwiseglobal.com\/wp-content\/uploads\/2023\/02\/netwise-emea-hq-350x0-c-default.jpg\"},{\"@type\":\"BreadcrumbList\",\"@id\":\"https:\/\/netwiseglobal.com\/pl\/kontakt\/#breadcrumb\",\"itemListElement\":[{\"@type\":\"ListItem\",\"position\":1,\"name\":\"Home\",\"item\":\"https:\/\/netwiseglobal.com\/pl\/\"},{\"@type\":\"ListItem\",\"position\":2,\"name\":\"Kontakt\"}]},{\"@type\":\"WebSite\",\"@id\":\"https:\/\/netwiseglobal.com\/pl\/#website\",\"url\":\"https:\/\/netwiseglobal.com\/pl\/\",\"name\":\"Netwise - 7-time Dynamics 365 Partner of the Year\",\"description\":\"We are Netwise. We have been on the CRM market since 2008 and we are the most-awarded Microsoft Dynamics 365 integrator in Europe\",\"publisher\":{\"@id\":\"https:\/\/netwiseglobal.com\/pl\/#organization\"},\"potentialAction\":[{\"@type\":\"SearchAction\",\"target\":{\"@type\":\"EntryPoint\",\"urlTemplate\":\"https:\/\/netwiseglobal.com\/pl\/?s={search_term_string}\"},\"query-input\":{\"@type\":\"PropertyValueSpecification\",\"valueRequired\":true,\"valueName\":\"search_term_string\"}}],\"inLanguage\":\"pl-PL\"},{\"@type\":\"Organization\",\"@id\":\"https:\/\/netwiseglobal.com\/pl\/#organization\",\"name\":\"Netwise - 7-time Dynamics 365 Partner of the Year\",\"url\":\"https:\/\/netwiseglobal.com\/pl\/\",\"logo\":{\"@type\":\"ImageObject\",\"inLanguage\":\"pl-PL\",\"@id\":\"https:\/\/netwiseglobal.com\/pl\/#\/schema\/logo\/image\/\",\"url\":\"https:\/\/netwiseglobal.com\/wp-content\/uploads\/2025\/11\/logo_netwise_blue.png\",\"contentUrl\":\"https:\/\/netwiseglobal.com\/wp-content\/uploads\/2025\/11\/logo_netwise_blue.png\",\"width\":1120,\"height\":208,\"caption\":\"Netwise - 7-time Dynamics 365 Partner of the Year\"},\"image\":{\"@id\":\"https:\/\/netwiseglobal.com\/pl\/#\/schema\/logo\/image\/\"}}]}<\/script>\n<!-- \/ Yoast SEO plugin. -->","yoast_head_json":{"title":"Skontaktuj si\u0119 z nami, aby zaplanowa\u0107 realne zmiany w Twojej firmie Dynamics 365","description":"Masz do\u015b\u0107 marketingowych buzzword\u00f3w o cyfrowej transformacji? Skontaktuj si\u0119 z nami, aby porozmawia\u0107 o konkretnym, praktycznym podej\u015bciu do aplikacji biznesowych i CRM.","robots":{"index":"index","follow":"follow","max-snippet":"max-snippet:-1","max-image-preview":"max-image-preview:large","max-video-preview":"max-video-preview:-1"},"canonical":"https:\/\/netwiseglobal.com\/pl\/kontakt\/","og_locale":"pl_PL","og_type":"article","og_title":"Skontaktuj si\u0119 z nami, aby zaplanowa\u0107 realne zmiany w Twojej firmie Dynamics 365","og_description":"Masz do\u015b\u0107 marketingowych buzzword\u00f3w o cyfrowej transformacji? Skontaktuj si\u0119 z nami, aby porozmawia\u0107 o konkretnym, praktycznym podej\u015bciu do aplikacji biznesowych i CRM.","og_url":"https:\/\/netwiseglobal.com\/pl\/kontakt\/","og_site_name":"Netwise - 7-time Dynamics 365 Partner of the Year","article_modified_time":"2026-01-21T09:49:02+00:00","og_image":[{"width":350,"height":170,"url":"https:\/\/netwiseglobal.com\/wp-content\/uploads\/2023\/02\/netwise-emea-hq-350x0-c-default.jpg","type":"image\/jpeg"}],"twitter_card":"summary_large_image","twitter_misc":{"Szacowany czas czytania":"2 minuty"},"schema":{"@context":"https:\/\/schema.org","@graph":[{"@type":"WebPage","@id":"https:\/\/netwiseglobal.com\/pl\/kontakt\/","url":"https:\/\/netwiseglobal.com\/pl\/kontakt\/","name":"Skontaktuj si\u0119 z nami, aby zaplanowa\u0107 realne zmiany w Twojej firmie Dynamics 365","isPartOf":{"@id":"https:\/\/netwiseglobal.com\/pl\/#website"},"primaryImageOfPage":{"@id":"https:\/\/netwiseglobal.com\/pl\/kontakt\/#primaryimage"},"image":{"@id":"https:\/\/netwiseglobal.com\/pl\/kontakt\/#primaryimage"},"thumbnailUrl":"https:\/\/netwiseglobal.com\/wp-content\/uploads\/2023\/02\/netwise-emea-hq-350x0-c-default.jpg","datePublished":"2023-02-16T20:34:26+00:00","dateModified":"2026-01-21T09:49:02+00:00","description":"Masz do\u015b\u0107 marketingowych buzzword\u00f3w o cyfrowej transformacji? Skontaktuj si\u0119 z nami, aby porozmawia\u0107 o konkretnym, praktycznym podej\u015bciu do aplikacji biznesowych i CRM.","breadcrumb":{"@id":"https:\/\/netwiseglobal.com\/pl\/kontakt\/#breadcrumb"},"inLanguage":"pl-PL","potentialAction":[{"@type":"ReadAction","target":["https:\/\/netwiseglobal.com\/pl\/kontakt\/"]}]},{"@type":"ImageObject","inLanguage":"pl-PL","@id":"https:\/\/netwiseglobal.com\/pl\/kontakt\/#primaryimage","url":"https:\/\/netwiseglobal.com\/wp-content\/uploads\/2023\/02\/netwise-emea-hq-350x0-c-default.jpg","contentUrl":"https:\/\/netwiseglobal.com\/wp-content\/uploads\/2023\/02\/netwise-emea-hq-350x0-c-default.jpg"},{"@type":"BreadcrumbList","@id":"https:\/\/netwiseglobal.com\/pl\/kontakt\/#breadcrumb","itemListElement":[{"@type":"ListItem","position":1,"name":"Home","item":"https:\/\/netwiseglobal.com\/pl\/"},{"@type":"ListItem","position":2,"name":"Kontakt"}]},{"@type":"WebSite","@id":"https:\/\/netwiseglobal.com\/pl\/#website","url":"https:\/\/netwiseglobal.com\/pl\/","name":"Netwise - 7-time Dynamics 365 Partner of the Year","description":"We are Netwise. We have been on the CRM market since 2008 and we are the most-awarded Microsoft Dynamics 365 integrator in Europe","publisher":{"@id":"https:\/\/netwiseglobal.com\/pl\/#organization"},"potentialAction":[{"@type":"SearchAction","target":{"@type":"EntryPoint","urlTemplate":"https:\/\/netwiseglobal.com\/pl\/?s={search_term_string}"},"query-input":{"@type":"PropertyValueSpecification","valueRequired":true,"valueName":"search_term_string"}}],"inLanguage":"pl-PL"},{"@type":"Organization","@id":"https:\/\/netwiseglobal.com\/pl\/#organization","name":"Netwise - 7-time Dynamics 365 Partner of the Year","url":"https:\/\/netwiseglobal.com\/pl\/","logo":{"@type":"ImageObject","inLanguage":"pl-PL","@id":"https:\/\/netwiseglobal.com\/pl\/#\/schema\/logo\/image\/","url":"https:\/\/netwiseglobal.com\/wp-content\/uploads\/2025\/11\/logo_netwise_blue.png","contentUrl":"https:\/\/netwiseglobal.com\/wp-content\/uploads\/2025\/11\/logo_netwise_blue.png","width":1120,"height":208,"caption":"Netwise - 7-time Dynamics 365 Partner of the Year"},"image":{"@id":"https:\/\/netwiseglobal.com\/pl\/#\/schema\/logo\/image\/"}}]}},"_links":{"self":[{"href":"https:\/\/netwiseglobal.com\/pl\/wp-json\/wp\/v2\/pages\/21894","targetHints":{"allow":["GET"]}}],"collection":[{"href":"https:\/\/netwiseglobal.com\/pl\/wp-json\/wp\/v2\/pages"}],"about":[{"href":"https:\/\/netwiseglobal.com\/pl\/wp-json\/wp\/v2\/types\/page"}],"author":[{"embeddable":true,"href":"https:\/\/netwiseglobal.com\/pl\/wp-json\/wp\/v2\/users\/1"}],"replies":[{"embeddable":true,"href":"https:\/\/netwiseglobal.com\/pl\/wp-json\/wp\/v2\/comments?post=21894"}],"version-history":[{"count":10,"href":"https:\/\/netwiseglobal.com\/pl\/wp-json\/wp\/v2\/pages\/21894\/revisions"}],"predecessor-version":[{"id":24467,"href":"https:\/\/netwiseglobal.com\/pl\/wp-json\/wp\/v2\/pages\/21894\/revisions\/24467"}],"wp:attachment":[{"href":"https:\/\/netwiseglobal.com\/pl\/wp-json\/wp\/v2\/media?parent=21894"}],"wp:term":[{"taxonomy":"project-category","embeddable":true,"href":"https:\/\/netwiseglobal.com\/pl\/wp-json\/wp\/v2\/project-category?post=21894"}],"curies":[{"name":"wp","href":"https:\/\/api.w.org\/{rel}","templated":true}]}}