{"id":21904,"date":"2023-02-12T21:45:55","date_gmt":"2023-02-12T20:45:55","guid":{"rendered":"https:\/\/netwiseglobal.com\/strategia-cyfrowai-analiza-gotowosci-cyfrowej\/"},"modified":"2025-12-21T00:06:03","modified_gmt":"2025-12-20T23:06:03","slug":"strategia-cyfrowai-analiza-gotowosci-cyfrowej","status":"publish","type":"page","link":"https:\/\/netwiseglobal.com\/pl\/uslugi\/strategia-cyfrowai-analiza-gotowosci-cyfrowej\/","title":{"rendered":"Strategia cyfrowa i analiza gotowo\u015bci cyfrowej"},"content":{"rendered":"\t\t<div data-elementor-type=\"wp-page\" data-elementor-id=\"21904\" class=\"elementor elementor-21904 elementor-353\" data-elementor-post-type=\"page\">\n\t\t\t\t\t\t<section class=\"elementor-section elementor-top-section elementor-element elementor-element-859bae0 blue-bcg elementor-section-boxed elementor-section-height-default elementor-section-height-default\" data-id=\"859bae0\" data-element_type=\"section\" data-settings=\"{&quot;background_background&quot;:&quot;classic&quot;,&quot;jet_parallax_layout_list&quot;:[]}\">\n\t\t\t\t\t\t<div class=\"elementor-container elementor-column-gap-default\">\n\t\t\t\t\t<div class=\"elementor-column elementor-col-100 elementor-top-column elementor-element elementor-element-fc874ea\" data-id=\"fc874ea\" data-element_type=\"column\">\n\t\t\t<div class=\"elementor-widget-wrap elementor-element-populated\">\n\t\t\t\t\t\t<div class=\"elementor-element elementor-element-5a986e9b elementor-hidden-tablet elementor-hidden-mobile elementor-widget elementor-widget-eael-breadcrumbs\" data-id=\"5a986e9b\" data-element_type=\"widget\" data-widget_type=\"eael-breadcrumbs.default\">\n\t\t\t\t<div class=\"elementor-widget-container\">\n\t\t\t\t\t\t\t<div class=\"eael-breadcrumbs\">\n\t\t\t<div class=\"eael-breadcrumbs__content\"><a href=\"https:\/\/netwiseglobal.com\/pl\/\">Home<\/a> <span class=\"eael-breadcrumb-separator\">\/<\/span> <span class = \"eael-current\">Strona<\/span><\/div>\t\t<\/div>\n\t\t\t\t\t\t<\/div>\n\t\t\t\t<\/div>\n\t\t<div class=\"elementor-element elementor-element-fe308b1 e-flex e-con-boxed e-con e-parent\" data-id=\"fe308b1\" data-element_type=\"container\" data-settings=\"{&quot;background_background&quot;:&quot;classic&quot;,&quot;jet_parallax_layout_list&quot;:[]}\">\n\t\t\t\t\t<div class=\"e-con-inner\">\n\t\t<div class=\"elementor-element elementor-element-d6793d4 e-flex e-con-boxed e-con e-child\" data-id=\"d6793d4\" data-element_type=\"container\" data-settings=\"{&quot;jet_parallax_layout_list&quot;:[]}\">\n\t\t\t\t\t<div class=\"e-con-inner\">\n\t\t\t\t<div class=\"elementor-element elementor-element-75962d86 elementor-widget elementor-widget-heading\" data-id=\"75962d86\" data-element_type=\"widget\" data-widget_type=\"heading.default\">\n\t\t\t\t<div class=\"elementor-widget-container\">\n\t\t\t\t\t<h1 class=\"elementor-heading-title elementor-size-default\">Strategia cyfrowa<br>i analiza gotowo\u015bci cyfrowej\n<\/h1>\t\t\t\t<\/div>\n\t\t\t\t<\/div>\n\t\t\t\t<div class=\"elementor-element elementor-element-1dcfcf2b elementor-widget elementor-widget-text-editor\" data-id=\"1dcfcf2b\" data-element_type=\"widget\" data-widget_type=\"text-editor.default\">\n\t\t\t\t<div class=\"elementor-widget-container\">\n\t\t\t\t\t\t\t\t\t<p><strong>Czy Twoja firma jest gotowa na zmiany?<\/strong><br \/>Czy Twoja firma obj\u0119\u0142a kierunek w stron\u0119 cyfrowego \u015bwiata? \u015arodowisko cyfrowe zmienia si\u0119 szybko, a nowe technologie zak\u0142\u00f3caj\u0105 modele biznesowe.<br \/>Netwise to zaufany doradca, kt\u00f3rego us\u0142ugi pozwalaj\u0105 na stworzenie planu przemian w stron\u0119 transformacji cyfrowej Twojego biznesu.<\/p><p>Pomagamy firmom w ich cyfrowej podr\u00f3\u017cy, dostosowuj\u0105c strategi\u0119 i dzia\u0142ania w celu maksymalizacji korzy\u015bci w nowym, cyfrowym \u015bwiecie.<\/p>\t\t\t\t\t\t\t\t<\/div>\n\t\t\t\t<\/div>\n\t\t\t\t\t<\/div>\n\t\t\t\t<\/div>\n\t\t<div class=\"elementor-element elementor-element-7a6c05f e-con-full e-flex e-con e-child\" data-id=\"7a6c05f\" data-element_type=\"container\" data-settings=\"{&quot;background_background&quot;:&quot;classic&quot;,&quot;jet_parallax_layout_list&quot;:[]}\">\n\t\t\t\t<\/div>\n\t\t\t\t\t<\/div>\n\t\t\t\t<\/div>\n\t\t\t\t\t<\/div>\n\t\t<\/div>\n\t\t\t\t\t<\/div>\n\t\t<\/section>\n\t\t<div class=\"elementor-element elementor-element-7a7f2679 e-flex e-con-boxed e-con e-parent\" data-id=\"7a7f2679\" data-element_type=\"container\" data-settings=\"{&quot;background_background&quot;:&quot;classic&quot;,&quot;jet_parallax_layout_list&quot;:[]}\">\n\t\t\t\t\t<div class=\"e-con-inner\">\n\t\t<div class=\"elementor-element elementor-element-30f4b5fa e-flex e-con-boxed e-con e-child\" data-id=\"30f4b5fa\" data-element_type=\"container\" data-settings=\"{&quot;background_background&quot;:&quot;classic&quot;,&quot;jet_parallax_layout_list&quot;:[]}\">\n\t\t\t\t\t<div class=\"e-con-inner\">\n\t\t\t\t<div class=\"elementor-element elementor-element-708e40f2 elementor-widget elementor-widget-heading\" data-id=\"708e40f2\" data-element_type=\"widget\" data-widget_type=\"heading.default\">\n\t\t\t\t<div class=\"elementor-widget-container\">\n\t\t\t\t\t<h3 class=\"elementor-heading-title elementor-size-default\">Dlaczego powiniene\u015b pracowa\u0107 z Netwise?<br>\n<\/h3>\t\t\t\t<\/div>\n\t\t\t\t<\/div>\n\t\t\t\t<div class=\"elementor-element elementor-element-bf3a3e5 elementor-widget elementor-widget-text-editor\" data-id=\"bf3a3e5\" data-element_type=\"widget\" data-widget_type=\"text-editor.default\">\n\t\t\t\t<div class=\"elementor-widget-container\">\n\t\t\t\t\t\t\t\t\t<p>Od ponad 17 lat \u015bwiadczymy us\u0142ugi doradcze i wsp\u00f3\u0142pracujemy z Klientami \u2013 firmami \u015bredniej wielko\u015bci i przedsi\u0119biorstwami \u2013 buduj\u0105c efektywne strategie cyfrowe.<\/p><p>Od 2014 roku intensywnie inwestujemy w nasze umiej\u0119tno\u015bci doradcze w zakresie transformacji cyfrowej i jeste\u015bmy pewni, \u017ce mo\u017cemy pom\u00f3c Twojej organizacji w tworzeniu skutecznej strategii cyfrowej.<\/p><p>Nasi eksperci nie tylko uko\u0144czyli presti\u017cowe programy uniwersyteckie dotycz\u0105ce wdro\u017ce\u0144 technologii cyfrowej (Innovative Technology Leader at, lub Digital Business Strategy at MIT Sloan), ale r\u00f3wnie\u017c zdobyli du\u017ce do\u015bwiadczenie, pracuj\u0105c nad przygotowaniem wielu organizacji do zmian organizacyjnych, zwi\u0105zanych z wdra\u017caniem strategii cyfrowej.<\/p>\t\t\t\t\t\t\t\t<\/div>\n\t\t\t\t<\/div>\n\t\t\t\t\t<\/div>\n\t\t\t\t<\/div>\n\t\t<div class=\"elementor-element elementor-element-45ee0dbf elementor-hidden-tablet elementor-hidden-mobile e-flex e-con-boxed e-con e-child\" data-id=\"45ee0dbf\" data-element_type=\"container\" data-settings=\"{&quot;background_background&quot;:&quot;classic&quot;,&quot;jet_parallax_layout_list&quot;:[]}\">\n\t\t\t\t\t<div class=\"e-con-inner\">\n\t\t\t\t\t<\/div>\n\t\t\t\t<\/div>\n\t\t\t\t\t<\/div>\n\t\t\t\t<\/div>\n\t\t<div class=\"elementor-element elementor-element-5edc9c58 e-flex e-con-boxed e-con e-parent\" data-id=\"5edc9c58\" data-element_type=\"container\" data-settings=\"{&quot;background_background&quot;:&quot;classic&quot;,&quot;jet_parallax_layout_list&quot;:[]}\">\n\t\t\t\t\t<div class=\"e-con-inner\">\n\t\t<div class=\"elementor-element elementor-element-399b1233 e-flex e-con-boxed e-con e-child\" data-id=\"399b1233\" data-element_type=\"container\" data-settings=\"{&quot;background_background&quot;:&quot;classic&quot;,&quot;jet_parallax_layout_list&quot;:[]}\">\n\t\t\t\t\t<div class=\"e-con-inner\">\n\t\t\t\t\t<\/div>\n\t\t\t\t<\/div>\n\t\t<div class=\"elementor-element elementor-element-63cee0a1 e-con-full e-flex e-con e-child\" data-id=\"63cee0a1\" data-element_type=\"container\" data-settings=\"{&quot;background_background&quot;:&quot;classic&quot;,&quot;jet_parallax_layout_list&quot;:[]}\">\n\t\t\t\t<div class=\"elementor-element elementor-element-7d7afb5b elementor-widget elementor-widget-heading\" data-id=\"7d7afb5b\" data-element_type=\"widget\" data-widget_type=\"heading.default\">\n\t\t\t\t<div class=\"elementor-widget-container\">\n\t\t\t\t\t<h3 class=\"elementor-heading-title elementor-size-default\">Pomo\u017cemy Twojej organizacji osi\u0105gn\u0105\u0107 to, co naprawd\u0119 wa\u017cne w cyfrowym \u015bwiecie:<br>\n<\/h3>\t\t\t\t<\/div>\n\t\t\t\t<\/div>\n\t\t\t\t<div class=\"elementor-element elementor-element-1abad414 elementor-align-start elementor-icon-list--layout-traditional elementor-list-item-link-full_width elementor-widget elementor-widget-icon-list\" data-id=\"1abad414\" data-element_type=\"widget\" data-widget_type=\"icon-list.default\">\n\t\t\t\t<div class=\"elementor-widget-container\">\n\t\t\t\t\t\t\t<ul class=\"elementor-icon-list-items\">\n\t\t\t\t\t\t\t<li class=\"elementor-icon-list-item\">\n\t\t\t\t\t\t\t\t\t\t\t<span class=\"elementor-icon-list-icon\">\n\t\t\t\t\t\t\t<i aria-hidden=\"true\" class=\"fas fa-check\"><\/i>\t\t\t\t\t\t<\/span>\n\t\t\t\t\t\t\t\t\t\t<span class=\"elementor-icon-list-text\">Dostosowa\u0107 rozwi\u0105zania technologiczne w celu szybszego tworzenia lepszych ofert<\/span>\n\t\t\t\t\t\t\t\t\t<\/li>\n\t\t\t\t\t\t\t\t<li class=\"elementor-icon-list-item\">\n\t\t\t\t\t\t\t\t\t\t\t<span class=\"elementor-icon-list-icon\">\n\t\t\t\t\t\t\t<i aria-hidden=\"true\" class=\"fas fa-check\"><\/i>\t\t\t\t\t\t<\/span>\n\t\t\t\t\t\t\t\t\t\t<span class=\"elementor-icon-list-text\">Korzysta\u0107 z technologii chmury, aby przyspieszy\u0107 wprowadzanie produkt\u00f3w na rynek<br><\/span>\n\t\t\t\t\t\t\t\t\t<\/li>\n\t\t\t\t\t\t\t\t<li class=\"elementor-icon-list-item\">\n\t\t\t\t\t\t\t\t\t\t\t<span class=\"elementor-icon-list-icon\">\n\t\t\t\t\t\t\t<i aria-hidden=\"true\" class=\"fas fa-check\"><\/i>\t\t\t\t\t\t<\/span>\n\t\t\t\t\t\t\t\t\t\t<span class=\"elementor-icon-list-text\">Aktywnie s\u0142ucha\u0107 Klient\u00f3w i proponowa\u0107 najlepsze dzia\u0142ania<br><\/span>\n\t\t\t\t\t\t\t\t\t<\/li>\n\t\t\t\t\t\t\t\t<li class=\"elementor-icon-list-item\">\n\t\t\t\t\t\t\t\t\t\t\t<span class=\"elementor-icon-list-icon\">\n\t\t\t\t\t\t\t<i aria-hidden=\"true\" class=\"fas fa-check\"><\/i>\t\t\t\t\t\t<\/span>\n\t\t\t\t\t\t\t\t\t\t<span class=\"elementor-icon-list-text\">Dostarcza\u0107 technologie anga\u017cuj\u0105ce Klient\u00f3w i umo\u017cliwiaj\u0105ce wsp\u00f3\u0142prac\u0119 przy opracowywaniu produkt\u00f3w i warto\u015bci<\/span>\n\t\t\t\t\t\t\t\t\t<\/li>\n\t\t\t\t\t\t<\/ul>\n\t\t\t\t\t\t<\/div>\n\t\t\t\t<\/div>\n\t\t\t\t<\/div>\n\t\t\t\t\t<\/div>\n\t\t\t\t<\/div>\n\t\t<div class=\"elementor-element elementor-element-6efb610f blue-bcg e-flex e-con-boxed e-con e-parent\" data-id=\"6efb610f\" data-element_type=\"container\" data-settings=\"{&quot;jet_parallax_layout_list&quot;:[],&quot;background_background&quot;:&quot;classic&quot;}\">\n\t\t\t\t\t<div class=\"e-con-inner\">\n\t\t<div class=\"elementor-element elementor-element-12d4a2b3 e-flex e-con-boxed e-con e-child\" data-id=\"12d4a2b3\" data-element_type=\"container\" data-settings=\"{&quot;background_background&quot;:&quot;classic&quot;,&quot;jet_parallax_layout_list&quot;:[]}\">\n\t\t\t\t\t<div class=\"e-con-inner\">\n\t\t\t\t<div class=\"elementor-element elementor-element-56304581 elementor-widget elementor-widget-heading\" data-id=\"56304581\" data-element_type=\"widget\" data-widget_type=\"heading.default\">\n\t\t\t\t<div class=\"elementor-widget-container\">\n\t\t\t\t\t<h2 class=\"elementor-heading-title elementor-size-default\">Oce\u0144 gotowo\u015b\u0107 do zmian w organizacji!<br><\/h2>\t\t\t\t<\/div>\n\t\t\t\t<\/div>\n\t\t\t\t<div class=\"elementor-element elementor-element-d43c914 elementor-align-center elementor-tablet-align-center elementor-mobile-align-center elementor-widget elementor-widget-button\" data-id=\"d43c914\" data-element_type=\"widget\" data-widget_type=\"button.default\">\n\t\t\t\t<div class=\"elementor-widget-container\">\n\t\t\t\t\t\t\t\t\t<div class=\"elementor-button-wrapper\">\n\t\t\t\t\t<a class=\"elementor-button elementor-button-link elementor-size-lg elementor-animation-grow\" href=\"https:\/\/netwiseglobal.com\/pl\/kontakt\/\">\n\t\t\t\t\t\t<span class=\"elementor-button-content-wrapper\">\n\t\t\t\t\t\t\t\t\t<span class=\"elementor-button-text\">Skontaktuj si\u0119<\/span>\n\t\t\t\t\t<\/span>\n\t\t\t\t\t<\/a>\n\t\t\t\t<\/div>\n\t\t\t\t\t\t\t\t<\/div>\n\t\t\t\t<\/div>\n\t\t\t\t\t<\/div>\n\t\t\t\t<\/div>\n\t\t\t\t\t<\/div>\n\t\t\t\t<\/div>\n\t\t\t\t<\/div>\n\t\t","protected":false},"excerpt":{"rendered":"<p>Home \/ Page Strategia cyfrowai analiza gotowo\u015bci cyfrowej Czy Twoja firma jest gotowa na zmiany?Czy Twoja firma obj\u0119\u0142a kierunek w stron\u0119 cyfrowego \u015bwiata? \u015arodowisko cyfrowe zmienia si\u0119 szybko, a nowe technologie zak\u0142\u00f3caj\u0105 modele biznesowe.Netwise to zaufany doradca, kt\u00f3rego us\u0142ugi pozwalaj\u0105 na stworzenie planu przemian w stron\u0119 transformacji cyfrowej Twojego biznesu. Pomagamy firmom w ich cyfrowej [&hellip;]<\/p>\n","protected":false},"author":1,"featured_media":22844,"parent":21966,"menu_order":0,"comment_status":"closed","ping_status":"closed","template":"","meta":{"footnotes":""},"project-category":[],"class_list":["post-21904","page","type-page","status-publish","has-post-thumbnail","hentry"],"yoast_head":"<!-- This site is optimized with the Yoast SEO plugin v26.6 - https:\/\/yoast.com\/wordpress\/plugins\/seo\/ -->\n<title>Netwise - Us\u0142ugi - Strategia cyfrowa i analiza gotowo\u015bci cyfrowej<\/title>\n<meta name=\"description\" content=\"Masz do\u015b\u0107 buzzword\u00f3w o cyfrowej transformacji? Porozmawiaj z nami - pomo\u017cemy Twojej firmie realnie wykorzysta\u0107 mo\u017cliwo\u015bci \u015bwiata cyfrowego.\" \/>\n<meta name=\"robots\" content=\"index, follow, max-snippet:-1, max-image-preview:large, max-video-preview:-1\" \/>\n<link rel=\"canonical\" href=\"https:\/\/netwiseglobal.com\/pl\/uslugi\/strategia-cyfrowai-analiza-gotowosci-cyfrowej\/\" \/>\n<meta property=\"og:locale\" content=\"pl_PL\" \/>\n<meta property=\"og:type\" content=\"article\" \/>\n<meta property=\"og:title\" content=\"Netwise - Us\u0142ugi - Strategia cyfrowa i analiza gotowo\u015bci cyfrowej\" \/>\n<meta property=\"og:description\" content=\"Masz do\u015b\u0107 buzzword\u00f3w o cyfrowej transformacji? Porozmawiaj z nami - pomo\u017cemy Twojej firmie realnie wykorzysta\u0107 mo\u017cliwo\u015bci \u015bwiata cyfrowego.\" \/>\n<meta property=\"og:url\" content=\"https:\/\/netwiseglobal.com\/pl\/uslugi\/strategia-cyfrowai-analiza-gotowosci-cyfrowej\/\" \/>\n<meta property=\"og:site_name\" content=\"Netwise - 7-time Dynamics 365 Partner of the Year\" \/>\n<meta property=\"article:modified_time\" content=\"2025-12-20T23:06:03+00:00\" \/>\n<meta property=\"og:image\" content=\"https:\/\/netwiseglobal.com\/wp-content\/uploads\/2025\/12\/Group-626033.png\" \/>\n\t<meta property=\"og:image:width\" content=\"1200\" \/>\n\t<meta property=\"og:image:height\" content=\"628\" \/>\n\t<meta property=\"og:image:type\" content=\"image\/png\" \/>\n<meta name=\"twitter:card\" content=\"summary_large_image\" \/>\n<meta name=\"twitter:label1\" content=\"Szacowany czas czytania\" \/>\n\t<meta name=\"twitter:data1\" content=\"2 minuty\" \/>\n<script type=\"application\/ld+json\" class=\"yoast-schema-graph\">{\"@context\":\"https:\/\/schema.org\",\"@graph\":[{\"@type\":\"WebPage\",\"@id\":\"https:\/\/netwiseglobal.com\/pl\/uslugi\/strategia-cyfrowai-analiza-gotowosci-cyfrowej\/\",\"url\":\"https:\/\/netwiseglobal.com\/pl\/uslugi\/strategia-cyfrowai-analiza-gotowosci-cyfrowej\/\",\"name\":\"Netwise - Us\u0142ugi - Strategia cyfrowa i analiza gotowo\u015bci cyfrowej\",\"isPartOf\":{\"@id\":\"https:\/\/netwiseglobal.com\/pl\/#website\"},\"primaryImageOfPage\":{\"@id\":\"https:\/\/netwiseglobal.com\/pl\/uslugi\/strategia-cyfrowai-analiza-gotowosci-cyfrowej\/#primaryimage\"},\"image\":{\"@id\":\"https:\/\/netwiseglobal.com\/pl\/uslugi\/strategia-cyfrowai-analiza-gotowosci-cyfrowej\/#primaryimage\"},\"thumbnailUrl\":\"https:\/\/netwiseglobal.com\/wp-content\/uploads\/2025\/12\/Group-626033.png\",\"datePublished\":\"2023-02-12T20:45:55+00:00\",\"dateModified\":\"2025-12-20T23:06:03+00:00\",\"description\":\"Masz do\u015b\u0107 buzzword\u00f3w o cyfrowej transformacji? Porozmawiaj z nami - pomo\u017cemy Twojej firmie realnie wykorzysta\u0107 mo\u017cliwo\u015bci \u015bwiata cyfrowego.\",\"breadcrumb\":{\"@id\":\"https:\/\/netwiseglobal.com\/pl\/uslugi\/strategia-cyfrowai-analiza-gotowosci-cyfrowej\/#breadcrumb\"},\"inLanguage\":\"pl-PL\",\"potentialAction\":[{\"@type\":\"ReadAction\",\"target\":[\"https:\/\/netwiseglobal.com\/pl\/uslugi\/strategia-cyfrowai-analiza-gotowosci-cyfrowej\/\"]}]},{\"@type\":\"ImageObject\",\"inLanguage\":\"pl-PL\",\"@id\":\"https:\/\/netwiseglobal.com\/pl\/uslugi\/strategia-cyfrowai-analiza-gotowosci-cyfrowej\/#primaryimage\",\"url\":\"https:\/\/netwiseglobal.com\/wp-content\/uploads\/2025\/12\/Group-626033.png\",\"contentUrl\":\"https:\/\/netwiseglobal.com\/wp-content\/uploads\/2025\/12\/Group-626033.png\",\"width\":1200,\"height\":628},{\"@type\":\"BreadcrumbList\",\"@id\":\"https:\/\/netwiseglobal.com\/pl\/uslugi\/strategia-cyfrowai-analiza-gotowosci-cyfrowej\/#breadcrumb\",\"itemListElement\":[{\"@type\":\"ListItem\",\"position\":1,\"name\":\"Home\",\"item\":\"https:\/\/netwiseglobal.com\/pl\/\"},{\"@type\":\"ListItem\",\"position\":2,\"name\":\"Us\u0142ugi\",\"item\":\"https:\/\/netwiseglobal.com\/pl\/uslugi\/\"},{\"@type\":\"ListItem\",\"position\":3,\"name\":\"Strategia cyfrowa i analiza gotowo\u015bci cyfrowej\"}]},{\"@type\":\"WebSite\",\"@id\":\"https:\/\/netwiseglobal.com\/pl\/#website\",\"url\":\"https:\/\/netwiseglobal.com\/pl\/\",\"name\":\"Netwise - 7-time Dynamics 365 Partner of the Year\",\"description\":\"We are Netwise. We have been on the CRM market since 2008 and we are the most-awarded Microsoft Dynamics 365 integrator in Europe\",\"publisher\":{\"@id\":\"https:\/\/netwiseglobal.com\/pl\/#organization\"},\"potentialAction\":[{\"@type\":\"SearchAction\",\"target\":{\"@type\":\"EntryPoint\",\"urlTemplate\":\"https:\/\/netwiseglobal.com\/pl\/?s={search_term_string}\"},\"query-input\":{\"@type\":\"PropertyValueSpecification\",\"valueRequired\":true,\"valueName\":\"search_term_string\"}}],\"inLanguage\":\"pl-PL\"},{\"@type\":\"Organization\",\"@id\":\"https:\/\/netwiseglobal.com\/pl\/#organization\",\"name\":\"Netwise - 7-time Dynamics 365 Partner of the Year\",\"url\":\"https:\/\/netwiseglobal.com\/pl\/\",\"logo\":{\"@type\":\"ImageObject\",\"inLanguage\":\"pl-PL\",\"@id\":\"https:\/\/netwiseglobal.com\/pl\/#\/schema\/logo\/image\/\",\"url\":\"https:\/\/netwiseglobal.com\/wp-content\/uploads\/2025\/11\/logo_netwise_blue.png\",\"contentUrl\":\"https:\/\/netwiseglobal.com\/wp-content\/uploads\/2025\/11\/logo_netwise_blue.png\",\"width\":1120,\"height\":208,\"caption\":\"Netwise - 7-time Dynamics 365 Partner of the Year\"},\"image\":{\"@id\":\"https:\/\/netwiseglobal.com\/pl\/#\/schema\/logo\/image\/\"}}]}<\/script>\n<!-- \/ Yoast SEO plugin. -->","yoast_head_json":{"title":"Netwise - Us\u0142ugi - Strategia cyfrowa i analiza gotowo\u015bci cyfrowej","description":"Masz do\u015b\u0107 buzzword\u00f3w o cyfrowej transformacji? Porozmawiaj z nami - pomo\u017cemy Twojej firmie realnie wykorzysta\u0107 mo\u017cliwo\u015bci \u015bwiata cyfrowego.","robots":{"index":"index","follow":"follow","max-snippet":"max-snippet:-1","max-image-preview":"max-image-preview:large","max-video-preview":"max-video-preview:-1"},"canonical":"https:\/\/netwiseglobal.com\/pl\/uslugi\/strategia-cyfrowai-analiza-gotowosci-cyfrowej\/","og_locale":"pl_PL","og_type":"article","og_title":"Netwise - Us\u0142ugi - Strategia cyfrowa i analiza gotowo\u015bci cyfrowej","og_description":"Masz do\u015b\u0107 buzzword\u00f3w o cyfrowej transformacji? Porozmawiaj z nami - pomo\u017cemy Twojej firmie realnie wykorzysta\u0107 mo\u017cliwo\u015bci \u015bwiata cyfrowego.","og_url":"https:\/\/netwiseglobal.com\/pl\/uslugi\/strategia-cyfrowai-analiza-gotowosci-cyfrowej\/","og_site_name":"Netwise - 7-time Dynamics 365 Partner of the Year","article_modified_time":"2025-12-20T23:06:03+00:00","og_image":[{"width":1200,"height":628,"url":"https:\/\/netwiseglobal.com\/wp-content\/uploads\/2025\/12\/Group-626033.png","type":"image\/png"}],"twitter_card":"summary_large_image","twitter_misc":{"Szacowany czas czytania":"2 minuty"},"schema":{"@context":"https:\/\/schema.org","@graph":[{"@type":"WebPage","@id":"https:\/\/netwiseglobal.com\/pl\/uslugi\/strategia-cyfrowai-analiza-gotowosci-cyfrowej\/","url":"https:\/\/netwiseglobal.com\/pl\/uslugi\/strategia-cyfrowai-analiza-gotowosci-cyfrowej\/","name":"Netwise - Us\u0142ugi - Strategia cyfrowa i analiza gotowo\u015bci cyfrowej","isPartOf":{"@id":"https:\/\/netwiseglobal.com\/pl\/#website"},"primaryImageOfPage":{"@id":"https:\/\/netwiseglobal.com\/pl\/uslugi\/strategia-cyfrowai-analiza-gotowosci-cyfrowej\/#primaryimage"},"image":{"@id":"https:\/\/netwiseglobal.com\/pl\/uslugi\/strategia-cyfrowai-analiza-gotowosci-cyfrowej\/#primaryimage"},"thumbnailUrl":"https:\/\/netwiseglobal.com\/wp-content\/uploads\/2025\/12\/Group-626033.png","datePublished":"2023-02-12T20:45:55+00:00","dateModified":"2025-12-20T23:06:03+00:00","description":"Masz do\u015b\u0107 buzzword\u00f3w o cyfrowej transformacji? Porozmawiaj z nami - pomo\u017cemy Twojej firmie realnie wykorzysta\u0107 mo\u017cliwo\u015bci \u015bwiata cyfrowego.","breadcrumb":{"@id":"https:\/\/netwiseglobal.com\/pl\/uslugi\/strategia-cyfrowai-analiza-gotowosci-cyfrowej\/#breadcrumb"},"inLanguage":"pl-PL","potentialAction":[{"@type":"ReadAction","target":["https:\/\/netwiseglobal.com\/pl\/uslugi\/strategia-cyfrowai-analiza-gotowosci-cyfrowej\/"]}]},{"@type":"ImageObject","inLanguage":"pl-PL","@id":"https:\/\/netwiseglobal.com\/pl\/uslugi\/strategia-cyfrowai-analiza-gotowosci-cyfrowej\/#primaryimage","url":"https:\/\/netwiseglobal.com\/wp-content\/uploads\/2025\/12\/Group-626033.png","contentUrl":"https:\/\/netwiseglobal.com\/wp-content\/uploads\/2025\/12\/Group-626033.png","width":1200,"height":628},{"@type":"BreadcrumbList","@id":"https:\/\/netwiseglobal.com\/pl\/uslugi\/strategia-cyfrowai-analiza-gotowosci-cyfrowej\/#breadcrumb","itemListElement":[{"@type":"ListItem","position":1,"name":"Home","item":"https:\/\/netwiseglobal.com\/pl\/"},{"@type":"ListItem","position":2,"name":"Us\u0142ugi","item":"https:\/\/netwiseglobal.com\/pl\/uslugi\/"},{"@type":"ListItem","position":3,"name":"Strategia cyfrowa i analiza gotowo\u015bci cyfrowej"}]},{"@type":"WebSite","@id":"https:\/\/netwiseglobal.com\/pl\/#website","url":"https:\/\/netwiseglobal.com\/pl\/","name":"Netwise - 7-time Dynamics 365 Partner of the Year","description":"We are Netwise. We have been on the CRM market since 2008 and we are the most-awarded Microsoft Dynamics 365 integrator in Europe","publisher":{"@id":"https:\/\/netwiseglobal.com\/pl\/#organization"},"potentialAction":[{"@type":"SearchAction","target":{"@type":"EntryPoint","urlTemplate":"https:\/\/netwiseglobal.com\/pl\/?s={search_term_string}"},"query-input":{"@type":"PropertyValueSpecification","valueRequired":true,"valueName":"search_term_string"}}],"inLanguage":"pl-PL"},{"@type":"Organization","@id":"https:\/\/netwiseglobal.com\/pl\/#organization","name":"Netwise - 7-time Dynamics 365 Partner of the Year","url":"https:\/\/netwiseglobal.com\/pl\/","logo":{"@type":"ImageObject","inLanguage":"pl-PL","@id":"https:\/\/netwiseglobal.com\/pl\/#\/schema\/logo\/image\/","url":"https:\/\/netwiseglobal.com\/wp-content\/uploads\/2025\/11\/logo_netwise_blue.png","contentUrl":"https:\/\/netwiseglobal.com\/wp-content\/uploads\/2025\/11\/logo_netwise_blue.png","width":1120,"height":208,"caption":"Netwise - 7-time Dynamics 365 Partner of the Year"},"image":{"@id":"https:\/\/netwiseglobal.com\/pl\/#\/schema\/logo\/image\/"}}]}},"_links":{"self":[{"href":"https:\/\/netwiseglobal.com\/pl\/wp-json\/wp\/v2\/pages\/21904","targetHints":{"allow":["GET"]}}],"collection":[{"href":"https:\/\/netwiseglobal.com\/pl\/wp-json\/wp\/v2\/pages"}],"about":[{"href":"https:\/\/netwiseglobal.com\/pl\/wp-json\/wp\/v2\/types\/page"}],"author":[{"embeddable":true,"href":"https:\/\/netwiseglobal.com\/pl\/wp-json\/wp\/v2\/users\/1"}],"replies":[{"embeddable":true,"href":"https:\/\/netwiseglobal.com\/pl\/wp-json\/wp\/v2\/comments?post=21904"}],"version-history":[{"count":0,"href":"https:\/\/netwiseglobal.com\/pl\/wp-json\/wp\/v2\/pages\/21904\/revisions"}],"up":[{"embeddable":true,"href":"https:\/\/netwiseglobal.com\/pl\/wp-json\/wp\/v2\/pages\/21966"}],"wp:featuredmedia":[{"embeddable":true,"href":"https:\/\/netwiseglobal.com\/pl\/wp-json\/wp\/v2\/media\/22844"}],"wp:attachment":[{"href":"https:\/\/netwiseglobal.com\/pl\/wp-json\/wp\/v2\/media?parent=21904"}],"wp:term":[{"taxonomy":"project-category","embeddable":true,"href":"https:\/\/netwiseglobal.com\/pl\/wp-json\/wp\/v2\/project-category?post=21904"}],"curies":[{"name":"wp","href":"https:\/\/api.w.org\/{rel}","templated":true}]}}